{"id":1408,"date":"2021-09-22T11:40:32","date_gmt":"2021-09-22T11:40:32","guid":{"rendered":"https:\/\/hotel.coop.ee\/kontakt\/"},"modified":"2025-06-16T11:06:52","modified_gmt":"2025-06-16T11:06:52","slug":"kontakt","status":"publish","type":"page","link":"https:\/\/hotel.coop.ee\/en\/kontakt\/","title":{"rendered":"CONTACT"},"content":{"rendered":"\n<div class=\"wp-block-cover alignfull has-custom-content-position is-position-top-center\" style=\"min-height:433px;aspect-ratio:unset;\"><img loading=\"lazy\" decoding=\"async\" width=\"1707\" height=\"2560\" class=\"wp-block-cover__image-background wp-image-1285\" alt=\"\" src=\"https:\/\/hotel.coop.ee\/wp-content\/uploads\/2025\/01\/mapp-scaled.jpg\" style=\"object-position:70% 56%\" data-object-fit=\"cover\" data-object-position=\"70% 56%\" srcset=\"https:\/\/hotel.coop.ee\/wp-content\/uploads\/2025\/01\/mapp-scaled.jpg 1707w, https:\/\/hotel.coop.ee\/wp-content\/uploads\/2025\/01\/mapp-200x300.jpg 200w, https:\/\/hotel.coop.ee\/wp-content\/uploads\/2025\/01\/mapp-683x1024.jpg 683w, https:\/\/hotel.coop.ee\/wp-content\/uploads\/2025\/01\/mapp-768x1152.jpg 768w, https:\/\/hotel.coop.ee\/wp-content\/uploads\/2025\/01\/mapp-1024x1536.jpg 1024w, https:\/\/hotel.coop.ee\/wp-content\/uploads\/2025\/01\/mapp-1365x2048.jpg 1365w, https:\/\/hotel.coop.ee\/wp-content\/uploads\/2025\/01\/mapp-1568x2352.jpg 1568w\" sizes=\"auto, (max-width: 1707px) 100vw, 1707px\" \/><span aria-hidden=\"true\" class=\"wp-block-cover__background has-background-dim\" style=\"background-color:#594429\"><\/span><div class=\"wp-block-cover__inner-container is-layout-flow wp-block-cover-is-layout-flow\">\n<p class=\"has-text-align-left\"><\/p>\n<\/div><\/div>\n\n\n\n<div class=\"wp-block-columns is-layout-flex wp-container-core-columns-is-layout-9d6595d7 wp-block-columns-is-layout-flex\">\n<div class=\"wp-block-column is-layout-flow wp-block-column-is-layout-flow\">\n<p class=\"has-text-align-center\"><strong>Coop Hotel is located on the main street in the center of J\u00f5geva.<\/strong><br>The train and bus stations are just a 5-minute walk away.<\/p>\n<\/div>\n<\/div>\n\n\n\n<hr class=\"wp-block-separator has-text-color has-css-opacity has-background\" style=\"background-color:#df8252;color:#df8252\"\/>\n\n\n\n<div class=\"wp-block-columns are-vertically-aligned-top is-layout-flex wp-container-core-columns-is-layout-9d6595d7 wp-block-columns-is-layout-flex\">\n<div class=\"wp-block-column is-vertically-aligned-top is-layout-flow wp-block-column-is-layout-flow\">\n<p class=\"has-text-align-center\"><strong>Coop Hotel<\/strong><br>Suur 11, J\u00f5geva<br>48306, Eesti<br>Phone: <a href=\"tel:+372 53 510 000\" target=\"_blank\" rel=\"noreferrer noopener\">+372 5351 0000<\/a><br>Email:&nbsp;<a href=\"mailto:admin@hotell.coop.ee\" target=\"_blank\" rel=\"noreferrer noopener\">admin@hotell.coop.ee<\/a><\/p>\n\n\n\n<ul class=\"wp-block-social-links is-content-justification-center is-layout-flex wp-container-core-social-links-is-layout-16018d1d wp-block-social-links-is-layout-flex\"><li class=\"wp-social-link wp-social-link-facebook  wp-block-social-link\"><a href=\"https:\/\/www.facebook.com\/coophotell\/?locale=et_EE\" class=\"wp-block-social-link-anchor\"><svg width=\"24\" height=\"24\" viewBox=\"0 0 24 24\" version=\"1.1\" xmlns=\"http:\/\/www.w3.org\/2000\/svg\" aria-hidden=\"true\" focusable=\"false\"><path d=\"M12 2C6.5 2 2 6.5 2 12c0 5 3.7 9.1 8.4 9.9v-7H7.9V12h2.5V9.8c0-2.5 1.5-3.9 3.8-3.9 1.1 0 2.2.2 2.2.2v2.5h-1.3c-1.2 0-1.6.8-1.6 1.6V12h2.8l-.4 2.9h-2.3v7C18.3 21.1 22 17 22 12c0-5.5-4.5-10-10-10z\"><\/path><\/svg><span class=\"wp-block-social-link-label screen-reader-text\">Facebook<\/span><\/a><\/li><\/ul>\n<\/div>\n\n\n\n<div class=\"wp-block-column is-vertically-aligned-top is-layout-flow wp-block-column-is-layout-flow\">\n<p class=\"has-text-align-center\"><strong>Reception and Caf\u00e9 Opening Hours:<\/strong><br>Mon\u2013Fri: 08:00\u201318:00<br>Sat: 08:00\u201315:00<br>Sun: 08:00\u201312:00<br><\/p>\n\n\n\n<p class=\"has-text-align-center\"><\/p>\n<\/div>\n<\/div>\n\n\n\n<hr class=\"wp-block-separator has-text-color has-css-opacity has-background\" style=\"background-color:#df8252;color:#df8252\"\/>\n\n\n\n<div class=\"wp-block-columns alignfull is-layout-flex wp-container-core-columns-is-layout-9d6595d7 wp-block-columns-is-layout-flex\">\n<div class=\"wp-block-column is-layout-flow wp-block-column-is-layout-flow\">\n<div class=\"wp-block-webfactory-map google-map-edhotels\"><div class=\"wp-block-webfactory-map\"><iframe loading=\"lazy\" title=\"Map\" width=\"100%\" height=\"411px\" src=\"https:\/\/www.google.com\/maps\/embed\/v1\/place?q=COOP%20Hotell%20j%C3%B5geva&amp;maptype=roadmap&amp;zoom=15&amp;key=AIzaSyDu21TpfU-MuEwU2kFMxIuyEP8nP1tAj4I\" frameborder=\"0\"><\/iframe><\/div><\/div>\n<\/div>\n<\/div>\n","protected":false},"excerpt":{"rendered":"<p>Coop Hotel is located on the main street in the center of J\u00f5geva.The train and bus stations are just a 5-minute walk away. Coop HotelSuur 11, J\u00f5geva48306, EestiPhone: +372 5351 0000Email:&nbsp;admin@hotell.coop.ee Reception and Caf\u00e9 Opening Hours:Mon\u2013Fri: 08:00\u201318:00Sat: 08:00\u201315:00Sun: 08:00\u201312:00<\/p>\n","protected":false},"author":2,"featured_media":0,"parent":0,"menu_order":5,"comment_status":"closed","ping_status":"closed","template":"","meta":{"footnotes":""},"class_list":["post-1408","page","type-page","status-publish","hentry"],"yoast_head":"<!-- This site is optimized with the Yoast SEO plugin v26.8 - https:\/\/yoast.com\/product\/yoast-seo-wordpress\/ -->\n<title>CONTACT - Coop Hotell<\/title>\n<meta name=\"robots\" content=\"index, follow, max-snippet:-1, max-image-preview:large, max-video-preview:-1\" \/>\n<link rel=\"canonical\" href=\"https:\/\/hotel.coop.ee\/en\/kontakt\/\" \/>\n<meta property=\"og:locale\" content=\"en_US\" \/>\n<meta property=\"og:type\" content=\"article\" \/>\n<meta property=\"og:title\" content=\"CONTACT - Coop Hotell\" \/>\n<meta property=\"og:description\" content=\"Coop Hotel is located on the main street in the center of J\u00f5geva.The train and bus stations are just a 5-minute walk away. Coop HotelSuur 11, J\u00f5geva48306, EestiPhone: +372 5351 0000Email:&nbsp;admin@hotell.coop.ee Reception and Caf\u00e9 Opening Hours:Mon\u2013Fri: 08:00\u201318:00Sat: 08:00\u201315:00Sun: 08:00\u201312:00\" \/>\n<meta property=\"og:url\" content=\"https:\/\/hotel.coop.ee\/en\/kontakt\/\" \/>\n<meta property=\"og:site_name\" content=\"Coop Hotell\" \/>\n<meta property=\"article:modified_time\" content=\"2025-06-16T11:06:52+00:00\" \/>\n<meta property=\"og:image\" content=\"https:\/\/hotel.coop.ee\/wp-content\/uploads\/2025\/01\/mapp-scaled.jpg\" \/>\n\t<meta property=\"og:image:width\" content=\"1707\" \/>\n\t<meta property=\"og:image:height\" content=\"2560\" \/>\n\t<meta property=\"og:image:type\" content=\"image\/jpeg\" \/>\n<meta name=\"twitter:card\" content=\"summary_large_image\" \/>\n<meta name=\"twitter:label1\" content=\"Est. reading time\" \/>\n\t<meta name=\"twitter:data1\" content=\"1 minute\" \/>\n<script type=\"application\/ld+json\" class=\"yoast-schema-graph\">{\"@context\":\"https:\/\/schema.org\",\"@graph\":[{\"@type\":\"WebPage\",\"@id\":\"https:\/\/hotel.coop.ee\/en\/kontakt\/\",\"url\":\"https:\/\/hotel.coop.ee\/en\/kontakt\/\",\"name\":\"CONTACT - Coop Hotell\",\"isPartOf\":{\"@id\":\"https:\/\/hotel.coop.ee\/#website\"},\"primaryImageOfPage\":{\"@id\":\"https:\/\/hotel.coop.ee\/en\/kontakt\/#primaryimage\"},\"image\":{\"@id\":\"https:\/\/hotel.coop.ee\/en\/kontakt\/#primaryimage\"},\"thumbnailUrl\":\"https:\/\/hotel.coop.ee\/wp-content\/uploads\/2025\/01\/mapp-scaled.jpg\",\"datePublished\":\"2021-09-22T11:40:32+00:00\",\"dateModified\":\"2025-06-16T11:06:52+00:00\",\"breadcrumb\":{\"@id\":\"https:\/\/hotel.coop.ee\/en\/kontakt\/#breadcrumb\"},\"inLanguage\":\"en-US\",\"potentialAction\":[{\"@type\":\"ReadAction\",\"target\":[\"https:\/\/hotel.coop.ee\/en\/kontakt\/\"]}]},{\"@type\":\"ImageObject\",\"inLanguage\":\"en-US\",\"@id\":\"https:\/\/hotel.coop.ee\/en\/kontakt\/#primaryimage\",\"url\":\"https:\/\/hotel.coop.ee\/wp-content\/uploads\/2025\/01\/mapp-scaled.jpg\",\"contentUrl\":\"https:\/\/hotel.coop.ee\/wp-content\/uploads\/2025\/01\/mapp-scaled.jpg\"},{\"@type\":\"BreadcrumbList\",\"@id\":\"https:\/\/hotel.coop.ee\/en\/kontakt\/#breadcrumb\",\"itemListElement\":[{\"@type\":\"ListItem\",\"position\":1,\"name\":\"Home\",\"item\":\"https:\/\/hotel.coop.ee\/en\/\"},{\"@type\":\"ListItem\",\"position\":2,\"name\":\"CONTACT\"}]},{\"@type\":\"WebSite\",\"@id\":\"https:\/\/hotel.coop.ee\/#website\",\"url\":\"https:\/\/hotel.coop.ee\/\",\"name\":\"Coop Hotell\",\"description\":\"Hotell J\u00f5geva kesklinnas\",\"potentialAction\":[{\"@type\":\"SearchAction\",\"target\":{\"@type\":\"EntryPoint\",\"urlTemplate\":\"https:\/\/hotel.coop.ee\/?s={search_term_string}\"},\"query-input\":{\"@type\":\"PropertyValueSpecification\",\"valueRequired\":true,\"valueName\":\"search_term_string\"}}],\"inLanguage\":\"en-US\"}]}<\/script>\n<!-- \/ Yoast SEO plugin. -->","yoast_head_json":{"title":"CONTACT - Coop Hotell","robots":{"index":"index","follow":"follow","max-snippet":"max-snippet:-1","max-image-preview":"max-image-preview:large","max-video-preview":"max-video-preview:-1"},"canonical":"https:\/\/hotel.coop.ee\/en\/kontakt\/","og_locale":"en_US","og_type":"article","og_title":"CONTACT - Coop Hotell","og_description":"Coop Hotel is located on the main street in the center of J\u00f5geva.The train and bus stations are just a 5-minute walk away. Coop HotelSuur 11, J\u00f5geva48306, EestiPhone: +372 5351 0000Email:&nbsp;admin@hotell.coop.ee Reception and Caf\u00e9 Opening Hours:Mon\u2013Fri: 08:00\u201318:00Sat: 08:00\u201315:00Sun: 08:00\u201312:00","og_url":"https:\/\/hotel.coop.ee\/en\/kontakt\/","og_site_name":"Coop Hotell","article_modified_time":"2025-06-16T11:06:52+00:00","og_image":[{"width":1707,"height":2560,"url":"https:\/\/hotel.coop.ee\/wp-content\/uploads\/2025\/01\/mapp-scaled.jpg","type":"image\/jpeg"}],"twitter_card":"summary_large_image","twitter_misc":{"Est. reading time":"1 minute"},"schema":{"@context":"https:\/\/schema.org","@graph":[{"@type":"WebPage","@id":"https:\/\/hotel.coop.ee\/en\/kontakt\/","url":"https:\/\/hotel.coop.ee\/en\/kontakt\/","name":"CONTACT - Coop Hotell","isPartOf":{"@id":"https:\/\/hotel.coop.ee\/#website"},"primaryImageOfPage":{"@id":"https:\/\/hotel.coop.ee\/en\/kontakt\/#primaryimage"},"image":{"@id":"https:\/\/hotel.coop.ee\/en\/kontakt\/#primaryimage"},"thumbnailUrl":"https:\/\/hotel.coop.ee\/wp-content\/uploads\/2025\/01\/mapp-scaled.jpg","datePublished":"2021-09-22T11:40:32+00:00","dateModified":"2025-06-16T11:06:52+00:00","breadcrumb":{"@id":"https:\/\/hotel.coop.ee\/en\/kontakt\/#breadcrumb"},"inLanguage":"en-US","potentialAction":[{"@type":"ReadAction","target":["https:\/\/hotel.coop.ee\/en\/kontakt\/"]}]},{"@type":"ImageObject","inLanguage":"en-US","@id":"https:\/\/hotel.coop.ee\/en\/kontakt\/#primaryimage","url":"https:\/\/hotel.coop.ee\/wp-content\/uploads\/2025\/01\/mapp-scaled.jpg","contentUrl":"https:\/\/hotel.coop.ee\/wp-content\/uploads\/2025\/01\/mapp-scaled.jpg"},{"@type":"BreadcrumbList","@id":"https:\/\/hotel.coop.ee\/en\/kontakt\/#breadcrumb","itemListElement":[{"@type":"ListItem","position":1,"name":"Home","item":"https:\/\/hotel.coop.ee\/en\/"},{"@type":"ListItem","position":2,"name":"CONTACT"}]},{"@type":"WebSite","@id":"https:\/\/hotel.coop.ee\/#website","url":"https:\/\/hotel.coop.ee\/","name":"Coop Hotell","description":"Hotell J\u00f5geva kesklinnas","potentialAction":[{"@type":"SearchAction","target":{"@type":"EntryPoint","urlTemplate":"https:\/\/hotel.coop.ee\/?s={search_term_string}"},"query-input":{"@type":"PropertyValueSpecification","valueRequired":true,"valueName":"search_term_string"}}],"inLanguage":"en-US"}]}},"_links":{"self":[{"href":"https:\/\/hotel.coop.ee\/en\/wp-json\/wp\/v2\/pages\/1408","targetHints":{"allow":["GET"]}}],"collection":[{"href":"https:\/\/hotel.coop.ee\/en\/wp-json\/wp\/v2\/pages"}],"about":[{"href":"https:\/\/hotel.coop.ee\/en\/wp-json\/wp\/v2\/types\/page"}],"author":[{"embeddable":true,"href":"https:\/\/hotel.coop.ee\/en\/wp-json\/wp\/v2\/users\/2"}],"replies":[{"embeddable":true,"href":"https:\/\/hotel.coop.ee\/en\/wp-json\/wp\/v2\/comments?post=1408"}],"version-history":[{"count":2,"href":"https:\/\/hotel.coop.ee\/en\/wp-json\/wp\/v2\/pages\/1408\/revisions"}],"predecessor-version":[{"id":1451,"href":"https:\/\/hotel.coop.ee\/en\/wp-json\/wp\/v2\/pages\/1408\/revisions\/1451"}],"wp:attachment":[{"href":"https:\/\/hotel.coop.ee\/en\/wp-json\/wp\/v2\/media?parent=1408"}],"curies":[{"name":"wp","href":"https:\/\/api.w.org\/{rel}","templated":true}]}}