{"id":1401,"date":"2024-09-09T13:34:38","date_gmt":"2024-09-09T13:34:38","guid":{"rendered":"https:\/\/hotel.coop.ee\/kohvik\/restoran-kosmos\/"},"modified":"2025-03-27T06:01:21","modified_gmt":"2025-03-27T06:01:21","slug":"restoran-kosmos","status":"publish","type":"page","link":"https:\/\/hotel.coop.ee\/en\/kohvik\/restoran-kosmos\/","title":{"rendered":"Restaurant Kosmos"},"content":{"rendered":"\n<div class=\"wp-block-cover alignfull\" style=\"min-height:430px;aspect-ratio:unset;\"><span aria-hidden=\"true\" class=\"wp-block-cover__background has-background-dim-0 has-background-dim\" style=\"background-color:#625c4f\"><\/span><img loading=\"lazy\" decoding=\"async\" width=\"1152\" height=\"1728\" class=\"wp-block-cover__image-background wp-image-1274\" alt=\"\" src=\"https:\/\/hotel.coop.ee\/wp-content\/uploads\/2025\/01\/458976334_962807655647966_3479474852368043116_n-1.jpg\" style=\"object-position:49% 28%\" data-object-fit=\"cover\" data-object-position=\"49% 28%\" srcset=\"https:\/\/hotel.coop.ee\/wp-content\/uploads\/2025\/01\/458976334_962807655647966_3479474852368043116_n-1.jpg 1152w, https:\/\/hotel.coop.ee\/wp-content\/uploads\/2025\/01\/458976334_962807655647966_3479474852368043116_n-1-200x300.jpg 200w, https:\/\/hotel.coop.ee\/wp-content\/uploads\/2025\/01\/458976334_962807655647966_3479474852368043116_n-1-683x1024.jpg 683w, https:\/\/hotel.coop.ee\/wp-content\/uploads\/2025\/01\/458976334_962807655647966_3479474852368043116_n-1-768x1152.jpg 768w, https:\/\/hotel.coop.ee\/wp-content\/uploads\/2025\/01\/458976334_962807655647966_3479474852368043116_n-1-1024x1536.jpg 1024w\" sizes=\"auto, (max-width: 1152px) 100vw, 1152px\" \/><div class=\"wp-block-cover__inner-container is-layout-flow wp-block-cover-is-layout-flow\">\n<p class=\"has-text-align-center has-large-font-size\">Restaurant Kosmos<\/p>\n\n\n\n<p class=\"has-text-align-center has-white-color has-text-color\"><\/p>\n<\/div><\/div>\n\n\n\n<hr class=\"wp-block-separator has-text-color has-css-opacity has-background is-style-wide\" style=\"background-color:#df8252;color:#df8252\"\/>\n\n\n\n<figure class=\"wp-block-gallery alignwide has-nested-images columns-default is-cropped wp-block-gallery-1 is-layout-flex wp-block-gallery-is-layout-flex\">\n<figure class=\"wp-block-image size-large is-style-rounded\"><img loading=\"lazy\" decoding=\"async\" width=\"1024\" height=\"683\" data-id=\"1309\" src=\"https:\/\/hotel.coop.ee\/wp-content\/uploads\/2025\/03\/Image-3-1024x683.jpeg\" alt=\"\" class=\"wp-image-1309\" srcset=\"https:\/\/hotel.coop.ee\/wp-content\/uploads\/2025\/03\/Image-3-1024x683.jpeg 1024w, https:\/\/hotel.coop.ee\/wp-content\/uploads\/2025\/03\/Image-3-300x200.jpeg 300w, https:\/\/hotel.coop.ee\/wp-content\/uploads\/2025\/03\/Image-3-768x512.jpeg 768w, https:\/\/hotel.coop.ee\/wp-content\/uploads\/2025\/03\/Image-3-1536x1024.jpeg 1536w, https:\/\/hotel.coop.ee\/wp-content\/uploads\/2025\/03\/Image-3-1568x1045.jpeg 1568w, https:\/\/hotel.coop.ee\/wp-content\/uploads\/2025\/03\/Image-3.jpeg 1728w\" sizes=\"auto, (max-width: 1024px) 100vw, 1024px\" \/><\/figure>\n\n\n\n<figure class=\"wp-block-image size-large is-style-rounded\"><img loading=\"lazy\" decoding=\"async\" width=\"1024\" height=\"683\" data-id=\"1311\" src=\"https:\/\/hotel.coop.ee\/wp-content\/uploads\/2025\/03\/Image-1024x683.jpeg\" alt=\"\" class=\"wp-image-1311\" srcset=\"https:\/\/hotel.coop.ee\/wp-content\/uploads\/2025\/03\/Image-1024x683.jpeg 1024w, https:\/\/hotel.coop.ee\/wp-content\/uploads\/2025\/03\/Image-300x200.jpeg 300w, https:\/\/hotel.coop.ee\/wp-content\/uploads\/2025\/03\/Image-768x512.jpeg 768w, https:\/\/hotel.coop.ee\/wp-content\/uploads\/2025\/03\/Image-1536x1024.jpeg 1536w, https:\/\/hotel.coop.ee\/wp-content\/uploads\/2025\/03\/Image-1568x1045.jpeg 1568w, https:\/\/hotel.coop.ee\/wp-content\/uploads\/2025\/03\/Image.jpeg 1728w\" sizes=\"auto, (max-width: 1024px) 100vw, 1024px\" \/><\/figure>\n\n\n\n<figure class=\"wp-block-image size-large is-style-rounded\"><img loading=\"lazy\" decoding=\"async\" width=\"1024\" height=\"683\" data-id=\"1320\" src=\"https:\/\/hotel.coop.ee\/wp-content\/uploads\/2025\/03\/Image-2-1-1024x683.jpeg\" alt=\"\" class=\"wp-image-1320\" srcset=\"https:\/\/hotel.coop.ee\/wp-content\/uploads\/2025\/03\/Image-2-1-1024x683.jpeg 1024w, https:\/\/hotel.coop.ee\/wp-content\/uploads\/2025\/03\/Image-2-1-300x200.jpeg 300w, https:\/\/hotel.coop.ee\/wp-content\/uploads\/2025\/03\/Image-2-1-768x512.jpeg 768w, https:\/\/hotel.coop.ee\/wp-content\/uploads\/2025\/03\/Image-2-1-1536x1024.jpeg 1536w, https:\/\/hotel.coop.ee\/wp-content\/uploads\/2025\/03\/Image-2-1-1568x1045.jpeg 1568w, https:\/\/hotel.coop.ee\/wp-content\/uploads\/2025\/03\/Image-2-1.jpeg 1728w\" sizes=\"auto, (max-width: 1024px) 100vw, 1024px\" \/><\/figure>\n<\/figure>\n\n\n\n<div class=\"wp-block-columns alignwide is-layout-flex wp-container-core-columns-is-layout-9d6595d7 wp-block-columns-is-layout-flex\">\n<div class=\"wp-block-column is-layout-flow wp-block-column-is-layout-flow\" style=\"flex-basis:100%\">\n<p class=\"has-text-align-center\"><strong>Host Your Special Event at Kosmos!<\/strong><\/p>\n\n\n\n<p class=\"has-text-align-center\">Looking for the perfect venue for your event? Kosmos is just the place!<br>Our cozy atmosphere and professional service will make every occasion memorable.<\/p>\n\n\n\n<p class=\"has-text-align-center\"><strong>Celebrations<\/strong>&nbsp;\u2013 Birthdays, anniversaries, Christmas parties, and friendly get-togethers.<br><strong>Funeral Receptions<\/strong>&nbsp;\u2013 We provide a peaceful and respectful setting to say goodbye with your family and loved ones.<br><strong>Seminars &amp; Meetings<\/strong>&nbsp;\u2013 Rent our seminar room with optional coffee breaks and catering to ensure smooth and comfortable meetings or trainings.<\/p>\n\n\n\n<p class=\"has-text-align-center\">During weekdays, smaller groups can be accommodated by agreement.<br>On weekends, table reservations are available for groups of 25 or more.<\/p>\n\n\n\n<p class=\"has-text-align-center\"><strong>For more information, please contact us:<\/strong><br>Phone: +372 5351 0000<br>Email:&nbsp;<a>admin@hotell.coop.ee<\/a><\/p>\n\n\n\n<p class=\"has-text-align-center\"><strong>Book today and make your event at Kosmos truly unforgettable!<\/strong><\/p>\n\n\n\n<div class=\"wp-block-buttons alignwide is-horizontal is-content-justification-center is-layout-flex wp-container-core-buttons-is-layout-499968f5 wp-block-buttons-is-layout-flex\">\n<div class=\"wp-block-button\"><a class=\"wp-block-button__link has-text-align-center wp-element-button\" href=\"https:\/\/hotel.coop.ee\/request\">SEND INQUIRY<\/a><\/div>\n<\/div>\n<\/div>\n<\/div>\n\n\n\n<div class=\"wp-block-edhotels-edhotels-accordions accordion right\">\n<div class=\"acc_h\"><h3>Main Courses<\/h3><\/div><div class=\"acc_txt\">\n<p><strong>Schnitzel<\/strong>&nbsp;\u2013 \u20ac12<br><strong>Roast Pork<\/strong>&nbsp;\u2013 \u20ac12<br><strong>Chicken Schnitzel<\/strong>&nbsp;\u2013 \u20ac12<br><strong>Oven-Baked Salmon<\/strong>&nbsp;\u2013 \u20ac18<\/p>\n\n\n\n<p>Price includes your choice of meat\/fish, potato or rice, and either fresh salad, roasted vegetables, or vegetable wok.<\/p>\n\n\n\n<p>If you would like both fresh salad and roasted vegetables or vegetable wok, an additional fee of \u20ac1.50 per person applies.<\/p>\n<\/div>\n\n\n\n<div class=\"acc_h\"><h3>Cold Buffet&nbsp;<em>(price per person)<\/em><\/h3><\/div><div class=\"acc_txt\">\n<p><strong>Chicken Iceberg Salad<\/strong>&nbsp;\u2013 \u20ac7<br><strong>Potato Salad<\/strong>&nbsp;\u2013 \u20ac4<br><strong>Pasta Salad<\/strong>&nbsp;\u2013 \u20ac4<br><strong>Beetroot and Herring Salad (Rosolje)<\/strong>&nbsp;\u2013 \u20ac5.50<br><strong>Herring with Sour Cream<\/strong>&nbsp;\u2013 \u20ac3<br><strong>Fish in Red Marinade<\/strong>&nbsp;\u2013 \u20ac4<br><strong>Cheese and Ham Rolls<\/strong>&nbsp;\u2013 \u20ac2<br><strong>Stuffed Eggs<\/strong>&nbsp;\u2013 \u20ac2<br><strong>Mini Meatballs<\/strong>&nbsp;\u2013 \u20ac4<br><strong>Marinated Meat<\/strong>&nbsp;\u2013 \u20ac5<br><strong>Smoked Chicken, Pear &amp; Grape Salad<\/strong>&nbsp;\u2013 \u20ac4<br><strong>Salad-Filled Tartlets<\/strong>&nbsp;\u2013 \u20ac4<br><strong>Liver P\u00e2t\u00e9 Balls with Cheese<\/strong>&nbsp;\u2013 \u20ac5<\/p>\n<\/div>\n\n\n\n<div class=\"acc_h\"><h3>Platters&nbsp;<em>(1 kg each)<\/em><\/h3><\/div><div class=\"acc_txt\">\n<p><strong>Cheese Platter<\/strong>&nbsp;\u2013 \u20ac38<br><strong>Cheese &amp; Meat Platter<\/strong>&nbsp;\u2013 \u20ac40<br><strong>Meat Platter<\/strong>&nbsp;\u2013 \u20ac48<br><strong>Fruit Platter<\/strong>&nbsp;\u2013 \u20ac30<br><strong>Vegetable Platter<\/strong>&nbsp;\u2013 \u20ac30<br><strong>Garlic Bread Bites Platter<\/strong>&nbsp;\u2013 \u20ac30<\/p>\n<\/div>\n\n\n\n<div class=\"acc_h\"><h3>Desserts<\/h3><\/div><div class=\"acc_txt\">\n<p><strong>Cr\u00e8me Br\u00fbl\u00e9e<\/strong>&nbsp;\u2013 \u20ac4.50<br><strong>Layered Dessert<\/strong>&nbsp;\u2013 \u20ac4.50<br><strong>Kama and Curd Mousse<\/strong>&nbsp;\u2013 \u20ac3<br><strong>Panna Cotta<\/strong>&nbsp;\u2013 \u20ac4.50<br><strong>Ice Cream Cake (slice)<\/strong>&nbsp;\u2013 \u20ac3<br><strong>Sweet Yeast Pastry Ring (raisin\/caramel), 2 kg<\/strong>&nbsp;\u2013 \u20ac40<\/p>\n<\/div>\n\n\n\n<div class=\"acc_h\"><h3>Drinks<\/h3><\/div><div class=\"acc_txt\">\n<p><strong>Fruit Drink (glass)<\/strong>&nbsp;\u2013 \u20ac0.50<br><strong>Coffee<\/strong>&nbsp;\u2013 \u20ac2<br><strong>Broth (per person)<\/strong>&nbsp;\u2013 \u20ac1<br><strong>Flavored Water (jug)<\/strong>&nbsp;\u2013 \u20ac1.50<\/p>\n<\/div>\n\n\n\n<div class=\"acc_h\"><h3>Sides &amp; Additions<\/h3><\/div><div class=\"acc_txt\">\n<p><strong>Meat Pastries<\/strong>&nbsp;(2 pieces, 40g each) \u2013 \u20ac1.70<br><strong>Dark Rye Bread (loaf)<\/strong>&nbsp;\u2013 \u20ac12<br><strong>Flavored Butter (per person)<\/strong>&nbsp;\u2013 \u20ac0.50<\/p>\n<\/div>\n\n\n\n<div class=\"acc_h\"><h3>Corkage Fee&nbsp;<em>(per opened bottle)<\/em><\/h3><\/div><div class=\"acc_txt\">\n<p><strong>Spirits (strong alcohol):<\/strong>&nbsp;\u20ac15 per bottle<br><strong>Wine\/Beer (light alcohol):<\/strong>&nbsp;\u20ac10 per bottle<\/p>\n<\/div>\n<\/div>\n","protected":false},"excerpt":{"rendered":"<p>Host Your Special Event at Kosmos! Looking for the perfect venue for your event? Kosmos is just the place!Our cozy atmosphere and professional service will make every occasion memorable. Celebrations&nbsp;\u2013 Birthdays, anniversaries, Christmas parties, and friendly get-togethers.Funeral Receptions&nbsp;\u2013 We provide a peaceful and respectful setting to say goodbye with your family and loved ones.Seminars &amp; [&hellip;]<\/p>\n","protected":false},"author":2,"featured_media":0,"parent":1397,"menu_order":2,"comment_status":"closed","ping_status":"closed","template":"","meta":{"footnotes":""},"class_list":["post-1401","page","type-page","status-publish","hentry"],"yoast_head":"<!-- This site is optimized with the Yoast SEO plugin v26.8 - https:\/\/yoast.com\/product\/yoast-seo-wordpress\/ -->\n<title>Restaurant Kosmos - Coop Hotell<\/title>\n<meta name=\"robots\" content=\"index, follow, max-snippet:-1, max-image-preview:large, max-video-preview:-1\" \/>\n<link rel=\"canonical\" href=\"https:\/\/hotel.coop.ee\/en\/kohvik\/restoran-kosmos\/\" \/>\n<meta property=\"og:locale\" content=\"en_US\" \/>\n<meta property=\"og:type\" content=\"article\" \/>\n<meta property=\"og:title\" content=\"Restaurant Kosmos - Coop Hotell\" \/>\n<meta property=\"og:description\" content=\"Host Your Special Event at Kosmos! Looking for the perfect venue for your event? Kosmos is just the place!Our cozy atmosphere and professional service will make every occasion memorable. Celebrations&nbsp;\u2013 Birthdays, anniversaries, Christmas parties, and friendly get-togethers.Funeral Receptions&nbsp;\u2013 We provide a peaceful and respectful setting to say goodbye with your family and loved ones.Seminars &amp; [&hellip;]\" \/>\n<meta property=\"og:url\" content=\"https:\/\/hotel.coop.ee\/en\/kohvik\/restoran-kosmos\/\" \/>\n<meta property=\"og:site_name\" content=\"Coop Hotell\" \/>\n<meta property=\"article:modified_time\" content=\"2025-03-27T06:01:21+00:00\" \/>\n<meta property=\"og:image\" content=\"https:\/\/hotel.coop.ee\/wp-content\/uploads\/2025\/01\/458976334_962807655647966_3479474852368043116_n-1.jpg\" \/>\n\t<meta property=\"og:image:width\" content=\"1152\" \/>\n\t<meta property=\"og:image:height\" content=\"1728\" \/>\n\t<meta property=\"og:image:type\" content=\"image\/jpeg\" \/>\n<meta name=\"twitter:card\" content=\"summary_large_image\" \/>\n<meta name=\"twitter:label1\" content=\"Est. reading time\" \/>\n\t<meta name=\"twitter:data1\" content=\"5 minutes\" \/>\n<script type=\"application\/ld+json\" class=\"yoast-schema-graph\">{\"@context\":\"https:\/\/schema.org\",\"@graph\":[{\"@type\":\"WebPage\",\"@id\":\"https:\/\/hotel.coop.ee\/en\/kohvik\/restoran-kosmos\/\",\"url\":\"https:\/\/hotel.coop.ee\/en\/kohvik\/restoran-kosmos\/\",\"name\":\"Restaurant Kosmos - Coop Hotell\",\"isPartOf\":{\"@id\":\"https:\/\/hotel.coop.ee\/#website\"},\"primaryImageOfPage\":{\"@id\":\"https:\/\/hotel.coop.ee\/en\/kohvik\/restoran-kosmos\/#primaryimage\"},\"image\":{\"@id\":\"https:\/\/hotel.coop.ee\/en\/kohvik\/restoran-kosmos\/#primaryimage\"},\"thumbnailUrl\":\"https:\/\/hotel.coop.ee\/wp-content\/uploads\/2025\/01\/458976334_962807655647966_3479474852368043116_n-1.jpg\",\"datePublished\":\"2024-09-09T13:34:38+00:00\",\"dateModified\":\"2025-03-27T06:01:21+00:00\",\"breadcrumb\":{\"@id\":\"https:\/\/hotel.coop.ee\/en\/kohvik\/restoran-kosmos\/#breadcrumb\"},\"inLanguage\":\"en-US\",\"potentialAction\":[{\"@type\":\"ReadAction\",\"target\":[\"https:\/\/hotel.coop.ee\/en\/kohvik\/restoran-kosmos\/\"]}]},{\"@type\":\"ImageObject\",\"inLanguage\":\"en-US\",\"@id\":\"https:\/\/hotel.coop.ee\/en\/kohvik\/restoran-kosmos\/#primaryimage\",\"url\":\"https:\/\/hotel.coop.ee\/wp-content\/uploads\/2025\/01\/458976334_962807655647966_3479474852368043116_n-1.jpg\",\"contentUrl\":\"https:\/\/hotel.coop.ee\/wp-content\/uploads\/2025\/01\/458976334_962807655647966_3479474852368043116_n-1.jpg\"},{\"@type\":\"BreadcrumbList\",\"@id\":\"https:\/\/hotel.coop.ee\/en\/kohvik\/restoran-kosmos\/#breadcrumb\",\"itemListElement\":[{\"@type\":\"ListItem\",\"position\":1,\"name\":\"Home\",\"item\":\"https:\/\/hotel.coop.ee\/en\/\"},{\"@type\":\"ListItem\",\"position\":2,\"name\":\"CAFE\",\"item\":\"https:\/\/hotel.coop.ee\/en\/kohvik\/\"},{\"@type\":\"ListItem\",\"position\":3,\"name\":\"Restaurant Kosmos\"}]},{\"@type\":\"WebSite\",\"@id\":\"https:\/\/hotel.coop.ee\/#website\",\"url\":\"https:\/\/hotel.coop.ee\/\",\"name\":\"Coop Hotell\",\"description\":\"Hotell J\u00f5geva kesklinnas\",\"potentialAction\":[{\"@type\":\"SearchAction\",\"target\":{\"@type\":\"EntryPoint\",\"urlTemplate\":\"https:\/\/hotel.coop.ee\/?s={search_term_string}\"},\"query-input\":{\"@type\":\"PropertyValueSpecification\",\"valueRequired\":true,\"valueName\":\"search_term_string\"}}],\"inLanguage\":\"en-US\"}]}<\/script>\n<!-- \/ Yoast SEO plugin. -->","yoast_head_json":{"title":"Restaurant Kosmos - Coop Hotell","robots":{"index":"index","follow":"follow","max-snippet":"max-snippet:-1","max-image-preview":"max-image-preview:large","max-video-preview":"max-video-preview:-1"},"canonical":"https:\/\/hotel.coop.ee\/en\/kohvik\/restoran-kosmos\/","og_locale":"en_US","og_type":"article","og_title":"Restaurant Kosmos - Coop Hotell","og_description":"Host Your Special Event at Kosmos! Looking for the perfect venue for your event? Kosmos is just the place!Our cozy atmosphere and professional service will make every occasion memorable. Celebrations&nbsp;\u2013 Birthdays, anniversaries, Christmas parties, and friendly get-togethers.Funeral Receptions&nbsp;\u2013 We provide a peaceful and respectful setting to say goodbye with your family and loved ones.Seminars &amp; [&hellip;]","og_url":"https:\/\/hotel.coop.ee\/en\/kohvik\/restoran-kosmos\/","og_site_name":"Coop Hotell","article_modified_time":"2025-03-27T06:01:21+00:00","og_image":[{"width":1152,"height":1728,"url":"https:\/\/hotel.coop.ee\/wp-content\/uploads\/2025\/01\/458976334_962807655647966_3479474852368043116_n-1.jpg","type":"image\/jpeg"}],"twitter_card":"summary_large_image","twitter_misc":{"Est. reading time":"5 minutes"},"schema":{"@context":"https:\/\/schema.org","@graph":[{"@type":"WebPage","@id":"https:\/\/hotel.coop.ee\/en\/kohvik\/restoran-kosmos\/","url":"https:\/\/hotel.coop.ee\/en\/kohvik\/restoran-kosmos\/","name":"Restaurant Kosmos - Coop Hotell","isPartOf":{"@id":"https:\/\/hotel.coop.ee\/#website"},"primaryImageOfPage":{"@id":"https:\/\/hotel.coop.ee\/en\/kohvik\/restoran-kosmos\/#primaryimage"},"image":{"@id":"https:\/\/hotel.coop.ee\/en\/kohvik\/restoran-kosmos\/#primaryimage"},"thumbnailUrl":"https:\/\/hotel.coop.ee\/wp-content\/uploads\/2025\/01\/458976334_962807655647966_3479474852368043116_n-1.jpg","datePublished":"2024-09-09T13:34:38+00:00","dateModified":"2025-03-27T06:01:21+00:00","breadcrumb":{"@id":"https:\/\/hotel.coop.ee\/en\/kohvik\/restoran-kosmos\/#breadcrumb"},"inLanguage":"en-US","potentialAction":[{"@type":"ReadAction","target":["https:\/\/hotel.coop.ee\/en\/kohvik\/restoran-kosmos\/"]}]},{"@type":"ImageObject","inLanguage":"en-US","@id":"https:\/\/hotel.coop.ee\/en\/kohvik\/restoran-kosmos\/#primaryimage","url":"https:\/\/hotel.coop.ee\/wp-content\/uploads\/2025\/01\/458976334_962807655647966_3479474852368043116_n-1.jpg","contentUrl":"https:\/\/hotel.coop.ee\/wp-content\/uploads\/2025\/01\/458976334_962807655647966_3479474852368043116_n-1.jpg"},{"@type":"BreadcrumbList","@id":"https:\/\/hotel.coop.ee\/en\/kohvik\/restoran-kosmos\/#breadcrumb","itemListElement":[{"@type":"ListItem","position":1,"name":"Home","item":"https:\/\/hotel.coop.ee\/en\/"},{"@type":"ListItem","position":2,"name":"CAFE","item":"https:\/\/hotel.coop.ee\/en\/kohvik\/"},{"@type":"ListItem","position":3,"name":"Restaurant Kosmos"}]},{"@type":"WebSite","@id":"https:\/\/hotel.coop.ee\/#website","url":"https:\/\/hotel.coop.ee\/","name":"Coop Hotell","description":"Hotell J\u00f5geva kesklinnas","potentialAction":[{"@type":"SearchAction","target":{"@type":"EntryPoint","urlTemplate":"https:\/\/hotel.coop.ee\/?s={search_term_string}"},"query-input":{"@type":"PropertyValueSpecification","valueRequired":true,"valueName":"search_term_string"}}],"inLanguage":"en-US"}]}},"_links":{"self":[{"href":"https:\/\/hotel.coop.ee\/en\/wp-json\/wp\/v2\/pages\/1401","targetHints":{"allow":["GET"]}}],"collection":[{"href":"https:\/\/hotel.coop.ee\/en\/wp-json\/wp\/v2\/pages"}],"about":[{"href":"https:\/\/hotel.coop.ee\/en\/wp-json\/wp\/v2\/types\/page"}],"author":[{"embeddable":true,"href":"https:\/\/hotel.coop.ee\/en\/wp-json\/wp\/v2\/users\/2"}],"replies":[{"embeddable":true,"href":"https:\/\/hotel.coop.ee\/en\/wp-json\/wp\/v2\/comments?post=1401"}],"version-history":[{"count":2,"href":"https:\/\/hotel.coop.ee\/en\/wp-json\/wp\/v2\/pages\/1401\/revisions"}],"predecessor-version":[{"id":1446,"href":"https:\/\/hotel.coop.ee\/en\/wp-json\/wp\/v2\/pages\/1401\/revisions\/1446"}],"up":[{"embeddable":true,"href":"https:\/\/hotel.coop.ee\/en\/wp-json\/wp\/v2\/pages\/1397"}],"wp:attachment":[{"href":"https:\/\/hotel.coop.ee\/en\/wp-json\/wp\/v2\/media?parent=1401"}],"curies":[{"name":"wp","href":"https:\/\/api.w.org\/{rel}","templated":true}]}}