{"id":1400,"date":"2024-09-09T12:49:05","date_gmt":"2024-09-09T12:49:05","guid":{"rendered":"https:\/\/hotel.coop.ee\/kohvik\/kohvik\/"},"modified":"2025-03-27T06:00:58","modified_gmt":"2025-03-27T06:00:58","slug":"kohvik","status":"publish","type":"page","link":"https:\/\/hotel.coop.ee\/en\/kohvik\/kohvik\/","title":{"rendered":"Caf\u00e9 at Coop Hotel"},"content":{"rendered":"\n<div class=\"wp-block-cover alignfull\" style=\"min-height:430px;aspect-ratio:unset;\"><span aria-hidden=\"true\" class=\"wp-block-cover__background has-background-dim-0 has-background-dim\" style=\"background-color:#625c4f\"><\/span><img loading=\"lazy\" decoding=\"async\" width=\"2560\" height=\"1707\" class=\"wp-block-cover__image-background wp-image-1222\" alt=\"\" src=\"https:\/\/hotel.coop.ee\/wp-content\/uploads\/2025\/01\/LiinaLaurikainenPhotography-95-scaled.jpg\" data-object-fit=\"cover\" srcset=\"https:\/\/hotel.coop.ee\/wp-content\/uploads\/2025\/01\/LiinaLaurikainenPhotography-95-scaled.jpg 2560w, https:\/\/hotel.coop.ee\/wp-content\/uploads\/2025\/01\/LiinaLaurikainenPhotography-95-300x200.jpg 300w, https:\/\/hotel.coop.ee\/wp-content\/uploads\/2025\/01\/LiinaLaurikainenPhotography-95-1024x683.jpg 1024w, https:\/\/hotel.coop.ee\/wp-content\/uploads\/2025\/01\/LiinaLaurikainenPhotography-95-768x512.jpg 768w, https:\/\/hotel.coop.ee\/wp-content\/uploads\/2025\/01\/LiinaLaurikainenPhotography-95-1536x1024.jpg 1536w, https:\/\/hotel.coop.ee\/wp-content\/uploads\/2025\/01\/LiinaLaurikainenPhotography-95-2048x1366.jpg 2048w, https:\/\/hotel.coop.ee\/wp-content\/uploads\/2025\/01\/LiinaLaurikainenPhotography-95-1568x1045.jpg 1568w\" sizes=\"auto, (max-width: 2560px) 100vw, 2560px\" \/><div class=\"wp-block-cover__inner-container is-layout-flow wp-block-cover-is-layout-flow\">\n<p class=\"has-text-align-center has-white-color has-text-color\"><\/p>\n\n\n\n<p class=\"has-text-align-center has-large-font-size\">Caf\u00e9 at Coop Hotel<\/p>\n<\/div><\/div>\n\n\n\n<hr class=\"wp-block-separator has-text-color has-css-opacity has-background is-style-wide\" style=\"background-color:#df8252;color:#df8252\"\/>\n\n\n\n<figure class=\"wp-block-pullquote alignfull has-medium-font-size\"><blockquote><p><em>Daily Lunch Menu<\/em><br>11:00\u201315:00 \u2013 We offer delicious daily specials, including hearty main courses and soups, served with fresh artisan bread and butter.&nbsp;<em>(Soup selection may vary daily.)<\/em><br><em>For Those with a Sweet Tooth<\/em><br>We serve delightful pastries from Gustav Bakery along with high-quality coffee \u2013 the perfect combo for a cozy coffee break.<br><em>Catering for Events and Special Occasions<\/em><br>Planning a birthday, celebration, or business meeting? Our caf\u00e9 offers beautifully prepared catering platters tailored to your needs.<br>Come visit us and enjoy warm hospitality and unforgettable flavors!<\/p><\/blockquote><\/figure>\n\n\n\n<hr class=\"wp-block-separator has-text-color has-css-opacity has-background is-style-wide\" style=\"background-color:#df8252;color:#df8252\"\/>\n\n\n\n<figure class=\"wp-block-gallery alignwide has-nested-images columns-default is-cropped wp-block-gallery-1 is-layout-flex wp-block-gallery-is-layout-flex\">\n<figure class=\"wp-block-image size-large is-style-rounded\"><img loading=\"lazy\" decoding=\"async\" width=\"683\" height=\"1024\" data-id=\"1238\" src=\"https:\/\/hotel.coop.ee\/wp-content\/uploads\/2025\/01\/LiinaLaurikainenPhotography-97-683x1024.jpg\" alt=\"\" class=\"wp-image-1238\" srcset=\"https:\/\/hotel.coop.ee\/wp-content\/uploads\/2025\/01\/LiinaLaurikainenPhotography-97-683x1024.jpg 683w, https:\/\/hotel.coop.ee\/wp-content\/uploads\/2025\/01\/LiinaLaurikainenPhotography-97-200x300.jpg 200w, https:\/\/hotel.coop.ee\/wp-content\/uploads\/2025\/01\/LiinaLaurikainenPhotography-97-768x1152.jpg 768w, https:\/\/hotel.coop.ee\/wp-content\/uploads\/2025\/01\/LiinaLaurikainenPhotography-97-1024x1536.jpg 1024w, https:\/\/hotel.coop.ee\/wp-content\/uploads\/2025\/01\/LiinaLaurikainenPhotography-97-1366x2048.jpg 1366w, https:\/\/hotel.coop.ee\/wp-content\/uploads\/2025\/01\/LiinaLaurikainenPhotography-97-1568x2352.jpg 1568w, https:\/\/hotel.coop.ee\/wp-content\/uploads\/2025\/01\/LiinaLaurikainenPhotography-97-scaled.jpg 1707w\" sizes=\"auto, (max-width: 683px) 100vw, 683px\" \/><\/figure>\n\n\n\n<figure class=\"wp-block-image size-large is-style-rounded\"><img loading=\"lazy\" decoding=\"async\" width=\"683\" height=\"1024\" data-id=\"1241\" src=\"https:\/\/hotel.coop.ee\/wp-content\/uploads\/2025\/01\/LiinaLaurikainenPhotography-87-683x1024.jpg\" alt=\"\" class=\"wp-image-1241\" srcset=\"https:\/\/hotel.coop.ee\/wp-content\/uploads\/2025\/01\/LiinaLaurikainenPhotography-87-683x1024.jpg 683w, https:\/\/hotel.coop.ee\/wp-content\/uploads\/2025\/01\/LiinaLaurikainenPhotography-87-200x300.jpg 200w, https:\/\/hotel.coop.ee\/wp-content\/uploads\/2025\/01\/LiinaLaurikainenPhotography-87-768x1152.jpg 768w, https:\/\/hotel.coop.ee\/wp-content\/uploads\/2025\/01\/LiinaLaurikainenPhotography-87-1024x1536.jpg 1024w, https:\/\/hotel.coop.ee\/wp-content\/uploads\/2025\/01\/LiinaLaurikainenPhotography-87-1366x2048.jpg 1366w, https:\/\/hotel.coop.ee\/wp-content\/uploads\/2025\/01\/LiinaLaurikainenPhotography-87-1568x2352.jpg 1568w, https:\/\/hotel.coop.ee\/wp-content\/uploads\/2025\/01\/LiinaLaurikainenPhotography-87-scaled.jpg 1707w\" sizes=\"auto, (max-width: 683px) 100vw, 683px\" \/><\/figure>\n\n\n\n<figure class=\"wp-block-image size-large is-style-rounded\"><img loading=\"lazy\" decoding=\"async\" width=\"683\" height=\"1024\" data-id=\"1243\" src=\"https:\/\/hotel.coop.ee\/wp-content\/uploads\/2025\/01\/LiinaLaurikainenPhotography-86-683x1024.jpg\" alt=\"\" class=\"wp-image-1243\" srcset=\"https:\/\/hotel.coop.ee\/wp-content\/uploads\/2025\/01\/LiinaLaurikainenPhotography-86-683x1024.jpg 683w, https:\/\/hotel.coop.ee\/wp-content\/uploads\/2025\/01\/LiinaLaurikainenPhotography-86-200x300.jpg 200w, https:\/\/hotel.coop.ee\/wp-content\/uploads\/2025\/01\/LiinaLaurikainenPhotography-86-768x1152.jpg 768w, https:\/\/hotel.coop.ee\/wp-content\/uploads\/2025\/01\/LiinaLaurikainenPhotography-86-1024x1536.jpg 1024w, https:\/\/hotel.coop.ee\/wp-content\/uploads\/2025\/01\/LiinaLaurikainenPhotography-86-1366x2048.jpg 1366w, https:\/\/hotel.coop.ee\/wp-content\/uploads\/2025\/01\/LiinaLaurikainenPhotography-86-1568x2352.jpg 1568w, https:\/\/hotel.coop.ee\/wp-content\/uploads\/2025\/01\/LiinaLaurikainenPhotography-86-scaled.jpg 1707w\" sizes=\"auto, (max-width: 683px) 100vw, 683px\" \/><\/figure>\n\n\n\n<figure class=\"wp-block-image size-large is-style-rounded\"><img loading=\"lazy\" decoding=\"async\" width=\"1024\" height=\"683\" data-id=\"1245\" src=\"https:\/\/hotel.coop.ee\/wp-content\/uploads\/2025\/01\/gustav-1024x683.jpg\" alt=\"\" class=\"wp-image-1245\" srcset=\"https:\/\/hotel.coop.ee\/wp-content\/uploads\/2025\/01\/gustav-1024x683.jpg 1024w, https:\/\/hotel.coop.ee\/wp-content\/uploads\/2025\/01\/gustav-300x200.jpg 300w, https:\/\/hotel.coop.ee\/wp-content\/uploads\/2025\/01\/gustav-768x512.jpg 768w, https:\/\/hotel.coop.ee\/wp-content\/uploads\/2025\/01\/gustav-1536x1024.jpg 1536w, https:\/\/hotel.coop.ee\/wp-content\/uploads\/2025\/01\/gustav-2048x1365.jpg 2048w, https:\/\/hotel.coop.ee\/wp-content\/uploads\/2025\/01\/gustav-1568x1045.jpg 1568w\" sizes=\"auto, (max-width: 1024px) 100vw, 1024px\" \/><\/figure>\n\n\n\n<figure class=\"wp-block-image size-large is-style-rounded\"><img loading=\"lazy\" decoding=\"async\" width=\"1024\" height=\"683\" data-id=\"1247\" src=\"https:\/\/hotel.coop.ee\/wp-content\/uploads\/2025\/01\/COOPKohvik_6217_LR1200-1024x683.jpg\" alt=\"\" class=\"wp-image-1247\" srcset=\"https:\/\/hotel.coop.ee\/wp-content\/uploads\/2025\/01\/COOPKohvik_6217_LR1200-1024x683.jpg 1024w, https:\/\/hotel.coop.ee\/wp-content\/uploads\/2025\/01\/COOPKohvik_6217_LR1200-300x200.jpg 300w, https:\/\/hotel.coop.ee\/wp-content\/uploads\/2025\/01\/COOPKohvik_6217_LR1200-768x512.jpg 768w, https:\/\/hotel.coop.ee\/wp-content\/uploads\/2025\/01\/COOPKohvik_6217_LR1200.jpg 1200w\" sizes=\"auto, (max-width: 1024px) 100vw, 1024px\" \/><\/figure>\n<\/figure>\n\n\n\n<div class=\"wp-block-columns alignwide is-layout-flex wp-container-core-columns-is-layout-9d6595d7 wp-block-columns-is-layout-flex\">\n<div class=\"wp-block-column is-vertically-aligned-center is-layout-flow wp-block-column-is-layout-flow\" style=\"flex-basis:100%\">\n<p class=\"has-text-align-center has-medium-font-size\"><strong>Room Rental<\/strong><br>Our cozy space is perfect for meetings, seminars, and special celebrations.<\/p>\n\n\n\n<p class=\"has-text-align-center\"><strong>Rental hours and prices:<\/strong><br>Mon\u2013Fri from 18:00 \u2013 \u20ac50\/hour<br>Sat from 15:00 \u2013 \u20ac50\/hour<br>Sun from 12:00 \u2013 \u20ac50\/hour<\/p>\n\n\n\n<p class=\"has-text-align-center\"><strong>Special Offer for Larger Groups<\/strong><br>For groups of 35 or more, the rental price is \u20ac25\/hour.<\/p>\n\n\n\n<p class=\"has-text-align-center\"><strong>Address:<\/strong>&nbsp;Suur 11, J\u00f5geva, 48306, Estonia<br><strong>Phone:<\/strong>&nbsp;+372 5351 0000<br><strong>Email:<\/strong>&nbsp;<a>admin@hotell.coop.ee<\/a><\/p>\n\n\n\n<div class=\"wp-block-buttons alignwide is-horizontal is-content-justification-center is-layout-flex wp-container-core-buttons-is-layout-499968f5 wp-block-buttons-is-layout-flex\">\n<div class=\"wp-block-button has-custom-width wp-block-button__width-25 is-style-fill\"><a class=\"wp-block-button__link has-text-align-center wp-element-button\" href=\"https:\/\/hotel.coop.ee\/request\">SEND INQUIRY<\/a><\/div>\n<\/div>\n<\/div>\n<\/div>\n\n\n\n<div class=\"wp-block-edhotels-edhotels-accordions accordion right\">\n<div class=\"acc_h\"><h3>Main Courses<\/h3><\/div><div class=\"acc_txt\">\n<p class=\"has-text-align-left\"><strong>Schnitzel<\/strong>&nbsp;\u2013 \u20ac12<br><strong>Roast Pork<\/strong>&nbsp;\u2013 \u20ac12<br><strong>Chicken Schnitzel<\/strong>&nbsp;\u2013 \u20ac12<br><strong>Oven-Baked Salmon<\/strong>&nbsp;\u2013 \u20ac18<\/p>\n\n\n\n<p>Price includes your choice of meat\/fish, potato or rice, and either fresh salad, roasted vegetables, or vegetable wok.<\/p>\n\n\n\n<p>If you would like both fresh salad and roasted vegetables or vegetable wok, an additional fee of \u20ac1.50 per person applies.<\/p>\n<\/div>\n\n\n\n<div class=\"acc_h\"><h3>Cold Buffet&nbsp;<em>(price per person)<\/em><\/h3><\/div><div class=\"acc_txt\">\n<p><strong>Chicken Iceberg Salad<\/strong>&nbsp;\u2013 \u20ac7<br><strong>Potato Salad<\/strong>&nbsp;\u2013 \u20ac4<br><strong>Pasta Salad<\/strong>&nbsp;\u2013 \u20ac4<br><strong>Beetroot and Herring Salad (Rosolje)<\/strong>&nbsp;\u2013 \u20ac5.50<br><strong>Herring with Sour Cream<\/strong>&nbsp;\u2013 \u20ac3<br><strong>Fish in Red Marinade<\/strong>&nbsp;\u2013 \u20ac4<br><strong>Cheese and Ham Rolls<\/strong>&nbsp;\u2013 \u20ac2<br><strong>Stuffed Eggs<\/strong>&nbsp;\u2013 \u20ac2<br><strong>Mini Meatballs<\/strong>&nbsp;\u2013 \u20ac4<br><strong>Marinated Meat<\/strong>&nbsp;\u2013 \u20ac5<br><strong>Smoked Chicken, Pear &amp; Grape Salad<\/strong>&nbsp;\u2013 \u20ac4<br><strong>Salad-Filled Tartlets<\/strong>&nbsp;\u2013 \u20ac4<br><strong>Liver P\u00e2t\u00e9 Balls with Cheese<\/strong>&nbsp;\u2013 \u20ac5<\/p>\n<\/div>\n\n\n\n<div class=\"acc_h\"><h3>Platters&nbsp;<em>(1 kg each)<\/em><\/h3><\/div><div class=\"acc_txt\">\n<p><strong>Cheese Platter<\/strong>&nbsp;\u2013 \u20ac38<br><strong>Cheese &amp; Meat Platter<\/strong>&nbsp;\u2013 \u20ac40<br><strong>Meat Platter<\/strong>&nbsp;\u2013 \u20ac48<br><strong>Fruit Platter<\/strong>&nbsp;\u2013 \u20ac30<br><strong>Vegetable Platter<\/strong>&nbsp;\u2013 \u20ac30<br><strong>Garlic Bread Bites Platter<\/strong>&nbsp;\u2013 \u20ac30<\/p>\n<\/div>\n\n\n\n<div class=\"acc_h\"><h3>Desserts<\/h3><\/div><div class=\"acc_txt\">\n<p><strong>Cr\u00e8me Br\u00fbl\u00e9e<\/strong>&nbsp;\u2013 \u20ac4.50<br><strong>Layered Dessert<\/strong>&nbsp;\u2013 \u20ac4.50<br><strong>Kama and Curd Mousse<\/strong>&nbsp;\u2013 \u20ac3<br><strong>Panna Cotta<\/strong>&nbsp;\u2013 \u20ac4.50<br><strong>Ice Cream Cake (slice)<\/strong>&nbsp;\u2013 \u20ac3<br><strong>Sweet Yeast Pastry Ring (raisin\/caramel), 2 kg<\/strong>&nbsp;\u2013 \u20ac40<\/p>\n<\/div>\n\n\n\n<div class=\"acc_h\"><h3>Drinks<\/h3><\/div><div class=\"acc_txt\">\n<p><strong>Fruit Drink (glass)<\/strong>&nbsp;\u2013 \u20ac0.50<br><strong>Coffee<\/strong>&nbsp;\u2013 \u20ac2<br><strong>Broth (per person)<\/strong>&nbsp;\u2013 \u20ac1<br><strong>Flavored Water (jug)<\/strong>&nbsp;\u2013 \u20ac1.50<\/p>\n<\/div>\n\n\n\n<div class=\"acc_h\"><h3>Sides &amp; Additions<\/h3><\/div><div class=\"acc_txt\">\n<p><strong>Meat Pastries<\/strong>&nbsp;(2 pieces, 40g each) \u2013 \u20ac1.70<br><strong>Dark Rye Bread (loaf)<\/strong>&nbsp;\u2013 \u20ac12<br><strong>Flavored Butter (per person)<\/strong>&nbsp;\u2013 \u20ac0.50<\/p>\n<\/div>\n\n\n\n<div class=\"acc_h\"><h3>Corkage Fee&nbsp;<em>(per opened bottle)<\/em><\/h3><\/div><div class=\"acc_txt\">\n<p><strong>Spirits (strong alcohol):<\/strong>&nbsp;\u20ac15 per bottle<br><strong>Wine\/Beer (light alcohol):<\/strong>&nbsp;\u20ac10 per bottle<\/p>\n<\/div>\n<\/div>\n","protected":false},"excerpt":{"rendered":"<p>Daily Lunch Menu11:00\u201315:00 \u2013 We offer delicious daily specials, including hearty main courses and soups, served with fresh artisan bread and butter.&nbsp;(Soup selection may vary daily.)For Those with a Sweet ToothWe serve delightful pastries from Gustav Bakery along with high-quality coffee \u2013 the perfect combo for a cozy coffee break.Catering for Events and Special OccasionsPlanning [&hellip;]<\/p>\n","protected":false},"author":2,"featured_media":0,"parent":1397,"menu_order":1,"comment_status":"closed","ping_status":"closed","template":"","meta":{"footnotes":""},"class_list":["post-1400","page","type-page","status-publish","hentry"],"yoast_head":"<!-- This site is optimized with the Yoast SEO plugin v26.8 - https:\/\/yoast.com\/product\/yoast-seo-wordpress\/ -->\n<title>Caf\u00e9 at Coop Hotel - Coop Hotell<\/title>\n<meta name=\"robots\" content=\"index, follow, max-snippet:-1, max-image-preview:large, max-video-preview:-1\" \/>\n<link rel=\"canonical\" href=\"https:\/\/hotel.coop.ee\/en\/kohvik\/kohvik\/\" \/>\n<meta property=\"og:locale\" content=\"en_US\" \/>\n<meta property=\"og:type\" content=\"article\" \/>\n<meta property=\"og:title\" content=\"Caf\u00e9 at Coop Hotel - Coop Hotell\" \/>\n<meta property=\"og:description\" content=\"Daily Lunch Menu11:00\u201315:00 \u2013 We offer delicious daily specials, including hearty main courses and soups, served with fresh artisan bread and butter.&nbsp;(Soup selection may vary daily.)For Those with a Sweet ToothWe serve delightful pastries from Gustav Bakery along with high-quality coffee \u2013 the perfect combo for a cozy coffee break.Catering for Events and Special OccasionsPlanning [&hellip;]\" \/>\n<meta property=\"og:url\" content=\"https:\/\/hotel.coop.ee\/en\/kohvik\/kohvik\/\" \/>\n<meta property=\"og:site_name\" content=\"Coop Hotell\" \/>\n<meta property=\"article:modified_time\" content=\"2025-03-27T06:00:58+00:00\" \/>\n<meta property=\"og:image\" content=\"https:\/\/hotel.coop.ee\/wp-content\/uploads\/2025\/01\/LiinaLaurikainenPhotography-95-scaled.jpg\" \/>\n\t<meta property=\"og:image:width\" content=\"2560\" \/>\n\t<meta property=\"og:image:height\" content=\"1707\" \/>\n\t<meta property=\"og:image:type\" content=\"image\/jpeg\" \/>\n<meta name=\"twitter:card\" content=\"summary_large_image\" \/>\n<meta name=\"twitter:label1\" content=\"Est. reading time\" \/>\n\t<meta name=\"twitter:data1\" content=\"5 minutes\" \/>\n<script type=\"application\/ld+json\" class=\"yoast-schema-graph\">{\"@context\":\"https:\/\/schema.org\",\"@graph\":[{\"@type\":\"WebPage\",\"@id\":\"https:\/\/hotel.coop.ee\/en\/kohvik\/kohvik\/\",\"url\":\"https:\/\/hotel.coop.ee\/en\/kohvik\/kohvik\/\",\"name\":\"Caf\u00e9 at Coop Hotel - Coop Hotell\",\"isPartOf\":{\"@id\":\"https:\/\/hotel.coop.ee\/#website\"},\"primaryImageOfPage\":{\"@id\":\"https:\/\/hotel.coop.ee\/en\/kohvik\/kohvik\/#primaryimage\"},\"image\":{\"@id\":\"https:\/\/hotel.coop.ee\/en\/kohvik\/kohvik\/#primaryimage\"},\"thumbnailUrl\":\"https:\/\/hotel.coop.ee\/wp-content\/uploads\/2025\/01\/LiinaLaurikainenPhotography-95-scaled.jpg\",\"datePublished\":\"2024-09-09T12:49:05+00:00\",\"dateModified\":\"2025-03-27T06:00:58+00:00\",\"breadcrumb\":{\"@id\":\"https:\/\/hotel.coop.ee\/en\/kohvik\/kohvik\/#breadcrumb\"},\"inLanguage\":\"en-US\",\"potentialAction\":[{\"@type\":\"ReadAction\",\"target\":[\"https:\/\/hotel.coop.ee\/en\/kohvik\/kohvik\/\"]}]},{\"@type\":\"ImageObject\",\"inLanguage\":\"en-US\",\"@id\":\"https:\/\/hotel.coop.ee\/en\/kohvik\/kohvik\/#primaryimage\",\"url\":\"https:\/\/hotel.coop.ee\/wp-content\/uploads\/2025\/01\/LiinaLaurikainenPhotography-95-scaled.jpg\",\"contentUrl\":\"https:\/\/hotel.coop.ee\/wp-content\/uploads\/2025\/01\/LiinaLaurikainenPhotography-95-scaled.jpg\"},{\"@type\":\"BreadcrumbList\",\"@id\":\"https:\/\/hotel.coop.ee\/en\/kohvik\/kohvik\/#breadcrumb\",\"itemListElement\":[{\"@type\":\"ListItem\",\"position\":1,\"name\":\"Home\",\"item\":\"https:\/\/hotel.coop.ee\/en\/\"},{\"@type\":\"ListItem\",\"position\":2,\"name\":\"CAFE\",\"item\":\"https:\/\/hotel.coop.ee\/en\/kohvik\/\"},{\"@type\":\"ListItem\",\"position\":3,\"name\":\"Caf\u00e9 at Coop Hotel\"}]},{\"@type\":\"WebSite\",\"@id\":\"https:\/\/hotel.coop.ee\/#website\",\"url\":\"https:\/\/hotel.coop.ee\/\",\"name\":\"Coop Hotell\",\"description\":\"Hotell J\u00f5geva kesklinnas\",\"potentialAction\":[{\"@type\":\"SearchAction\",\"target\":{\"@type\":\"EntryPoint\",\"urlTemplate\":\"https:\/\/hotel.coop.ee\/?s={search_term_string}\"},\"query-input\":{\"@type\":\"PropertyValueSpecification\",\"valueRequired\":true,\"valueName\":\"search_term_string\"}}],\"inLanguage\":\"en-US\"}]}<\/script>\n<!-- \/ Yoast SEO plugin. -->","yoast_head_json":{"title":"Caf\u00e9 at Coop Hotel - Coop Hotell","robots":{"index":"index","follow":"follow","max-snippet":"max-snippet:-1","max-image-preview":"max-image-preview:large","max-video-preview":"max-video-preview:-1"},"canonical":"https:\/\/hotel.coop.ee\/en\/kohvik\/kohvik\/","og_locale":"en_US","og_type":"article","og_title":"Caf\u00e9 at Coop Hotel - Coop Hotell","og_description":"Daily Lunch Menu11:00\u201315:00 \u2013 We offer delicious daily specials, including hearty main courses and soups, served with fresh artisan bread and butter.&nbsp;(Soup selection may vary daily.)For Those with a Sweet ToothWe serve delightful pastries from Gustav Bakery along with high-quality coffee \u2013 the perfect combo for a cozy coffee break.Catering for Events and Special OccasionsPlanning [&hellip;]","og_url":"https:\/\/hotel.coop.ee\/en\/kohvik\/kohvik\/","og_site_name":"Coop Hotell","article_modified_time":"2025-03-27T06:00:58+00:00","og_image":[{"width":2560,"height":1707,"url":"https:\/\/hotel.coop.ee\/wp-content\/uploads\/2025\/01\/LiinaLaurikainenPhotography-95-scaled.jpg","type":"image\/jpeg"}],"twitter_card":"summary_large_image","twitter_misc":{"Est. reading time":"5 minutes"},"schema":{"@context":"https:\/\/schema.org","@graph":[{"@type":"WebPage","@id":"https:\/\/hotel.coop.ee\/en\/kohvik\/kohvik\/","url":"https:\/\/hotel.coop.ee\/en\/kohvik\/kohvik\/","name":"Caf\u00e9 at Coop Hotel - Coop Hotell","isPartOf":{"@id":"https:\/\/hotel.coop.ee\/#website"},"primaryImageOfPage":{"@id":"https:\/\/hotel.coop.ee\/en\/kohvik\/kohvik\/#primaryimage"},"image":{"@id":"https:\/\/hotel.coop.ee\/en\/kohvik\/kohvik\/#primaryimage"},"thumbnailUrl":"https:\/\/hotel.coop.ee\/wp-content\/uploads\/2025\/01\/LiinaLaurikainenPhotography-95-scaled.jpg","datePublished":"2024-09-09T12:49:05+00:00","dateModified":"2025-03-27T06:00:58+00:00","breadcrumb":{"@id":"https:\/\/hotel.coop.ee\/en\/kohvik\/kohvik\/#breadcrumb"},"inLanguage":"en-US","potentialAction":[{"@type":"ReadAction","target":["https:\/\/hotel.coop.ee\/en\/kohvik\/kohvik\/"]}]},{"@type":"ImageObject","inLanguage":"en-US","@id":"https:\/\/hotel.coop.ee\/en\/kohvik\/kohvik\/#primaryimage","url":"https:\/\/hotel.coop.ee\/wp-content\/uploads\/2025\/01\/LiinaLaurikainenPhotography-95-scaled.jpg","contentUrl":"https:\/\/hotel.coop.ee\/wp-content\/uploads\/2025\/01\/LiinaLaurikainenPhotography-95-scaled.jpg"},{"@type":"BreadcrumbList","@id":"https:\/\/hotel.coop.ee\/en\/kohvik\/kohvik\/#breadcrumb","itemListElement":[{"@type":"ListItem","position":1,"name":"Home","item":"https:\/\/hotel.coop.ee\/en\/"},{"@type":"ListItem","position":2,"name":"CAFE","item":"https:\/\/hotel.coop.ee\/en\/kohvik\/"},{"@type":"ListItem","position":3,"name":"Caf\u00e9 at Coop Hotel"}]},{"@type":"WebSite","@id":"https:\/\/hotel.coop.ee\/#website","url":"https:\/\/hotel.coop.ee\/","name":"Coop Hotell","description":"Hotell J\u00f5geva kesklinnas","potentialAction":[{"@type":"SearchAction","target":{"@type":"EntryPoint","urlTemplate":"https:\/\/hotel.coop.ee\/?s={search_term_string}"},"query-input":{"@type":"PropertyValueSpecification","valueRequired":true,"valueName":"search_term_string"}}],"inLanguage":"en-US"}]}},"_links":{"self":[{"href":"https:\/\/hotel.coop.ee\/en\/wp-json\/wp\/v2\/pages\/1400","targetHints":{"allow":["GET"]}}],"collection":[{"href":"https:\/\/hotel.coop.ee\/en\/wp-json\/wp\/v2\/pages"}],"about":[{"href":"https:\/\/hotel.coop.ee\/en\/wp-json\/wp\/v2\/types\/page"}],"author":[{"embeddable":true,"href":"https:\/\/hotel.coop.ee\/en\/wp-json\/wp\/v2\/users\/2"}],"replies":[{"embeddable":true,"href":"https:\/\/hotel.coop.ee\/en\/wp-json\/wp\/v2\/comments?post=1400"}],"version-history":[{"count":3,"href":"https:\/\/hotel.coop.ee\/en\/wp-json\/wp\/v2\/pages\/1400\/revisions"}],"predecessor-version":[{"id":1445,"href":"https:\/\/hotel.coop.ee\/en\/wp-json\/wp\/v2\/pages\/1400\/revisions\/1445"}],"up":[{"embeddable":true,"href":"https:\/\/hotel.coop.ee\/en\/wp-json\/wp\/v2\/pages\/1397"}],"wp:attachment":[{"href":"https:\/\/hotel.coop.ee\/en\/wp-json\/wp\/v2\/media?parent=1400"}],"curies":[{"name":"wp","href":"https:\/\/api.w.org\/{rel}","templated":true}]}}