{"id":1392,"date":"2021-09-22T10:07:13","date_gmt":"2021-09-22T10:07:13","guid":{"rendered":"https:\/\/hotel.coop.ee\/coop-hotell-jogeval-ametlik-koduleht\/"},"modified":"2025-03-27T06:02:01","modified_gmt":"2025-03-27T06:02:01","slug":"coop-hotell-jogeval-ametlik-koduleht","status":"publish","type":"page","link":"https:\/\/hotel.coop.ee\/en\/","title":{"rendered":"MAIN PAGE"},"content":{"rendered":"\n<div class=\"wp-block-edhotels-edhotels-slider alignfull has-full-height intro-style-3\" style=\"min-height:300px\"><div data-hash=\"jtvrrpgdzoq\" data-autoplay=\"true\" data-apdelay=\"3500\" data-effect=\"fade\" data-loop=\"true\" class=\"swiper-container swiper-intro swiper-intro-jtvrrpgdzoq\"><div class=\"swiper-wrapper\">\n<div class=\"wp-block-edhotels-edhotels-slide swiper-slide scalable-img\"><img loading=\"lazy\" decoding=\"async\" width=\"1200\" height=\"800\" src=\"https:\/\/hotel.coop.ee\/wp-content\/uploads\/2024\/01\/COOPKohvik_6283_LR1200.jpg\" alt=\"\" class=\"intro-image wp-image-1061\" style=\"object-position:51% 42%\" srcset=\"https:\/\/hotel.coop.ee\/wp-content\/uploads\/2024\/01\/COOPKohvik_6283_LR1200.jpg 1200w, https:\/\/hotel.coop.ee\/wp-content\/uploads\/2024\/01\/COOPKohvik_6283_LR1200-300x200.jpg 300w, https:\/\/hotel.coop.ee\/wp-content\/uploads\/2024\/01\/COOPKohvik_6283_LR1200-1024x683.jpg 1024w, https:\/\/hotel.coop.ee\/wp-content\/uploads\/2024\/01\/COOPKohvik_6283_LR1200-768x512.jpg 768w\" sizes=\"auto, (max-width: 1200px) 100vw, 1200px\" \/><div class=\"intro-style-3-inner\">\n<h1 class=\"wp-block-heading has-text-align-center has-white-color has-text-color has-x-large-font-size\">Coop Hotel is located on the main street of J\u00f5geva.<\/h1>\n\n\n\n<div class=\"wp-block-buttons is-content-justification-center is-layout-flex wp-container-core-buttons-is-layout-16018d1d wp-block-buttons-is-layout-flex\">\n<div class=\"wp-block-button\"><a class=\"wp-block-button__link has-text-align-center wp-element-button\" href=\"https:\/\/bouk.io\/booking\/coop\/472\/rooms?language=et\">BOOK ROOM<\/a><\/div>\n<\/div>\n<\/div><\/div>\n\n\n\n<div class=\"wp-block-edhotels-edhotels-slide swiper-slide scalable-img\"><img loading=\"lazy\" decoding=\"async\" width=\"2560\" height=\"1707\" src=\"https:\/\/hotel.coop.ee\/wp-content\/uploads\/2023\/11\/LiinaLaurikainenPhotography-55-scaled.jpg\" alt=\"\" class=\"intro-image wp-image-1044\" style=\"object-position:52% 76%\" srcset=\"https:\/\/hotel.coop.ee\/wp-content\/uploads\/2023\/11\/LiinaLaurikainenPhotography-55-scaled.jpg 2560w, https:\/\/hotel.coop.ee\/wp-content\/uploads\/2023\/11\/LiinaLaurikainenPhotography-55-300x200.jpg 300w, https:\/\/hotel.coop.ee\/wp-content\/uploads\/2023\/11\/LiinaLaurikainenPhotography-55-1024x683.jpg 1024w, https:\/\/hotel.coop.ee\/wp-content\/uploads\/2023\/11\/LiinaLaurikainenPhotography-55-768x512.jpg 768w, https:\/\/hotel.coop.ee\/wp-content\/uploads\/2023\/11\/LiinaLaurikainenPhotography-55-1536x1024.jpg 1536w, https:\/\/hotel.coop.ee\/wp-content\/uploads\/2023\/11\/LiinaLaurikainenPhotography-55-2048x1365.jpg 2048w, https:\/\/hotel.coop.ee\/wp-content\/uploads\/2023\/11\/LiinaLaurikainenPhotography-55-1568x1045.jpg 1568w\" sizes=\"auto, (max-width: 2560px) 100vw, 2560px\" \/><div class=\"intro-style-3-inner\">\n<h1 class=\"wp-block-heading has-text-align-center has-white-color has-text-color\"><\/h1>\n<\/div><\/div>\n\n\n\n<div class=\"wp-block-edhotels-edhotels-slide swiper-slide scalable-img\"><img loading=\"lazy\" decoding=\"async\" width=\"2560\" height=\"1707\" src=\"https:\/\/hotel.coop.ee\/wp-content\/uploads\/2023\/11\/LiinaLaurikainenPhotography-4-scaled.jpg\" alt=\"\" class=\"intro-image wp-image-932\" style=\"object-position:50% 50%\" srcset=\"https:\/\/hotel.coop.ee\/wp-content\/uploads\/2023\/11\/LiinaLaurikainenPhotography-4-scaled.jpg 2560w, https:\/\/hotel.coop.ee\/wp-content\/uploads\/2023\/11\/LiinaLaurikainenPhotography-4-300x200.jpg 300w, https:\/\/hotel.coop.ee\/wp-content\/uploads\/2023\/11\/LiinaLaurikainenPhotography-4-1024x683.jpg 1024w, https:\/\/hotel.coop.ee\/wp-content\/uploads\/2023\/11\/LiinaLaurikainenPhotography-4-768x512.jpg 768w, https:\/\/hotel.coop.ee\/wp-content\/uploads\/2023\/11\/LiinaLaurikainenPhotography-4-1536x1024.jpg 1536w, https:\/\/hotel.coop.ee\/wp-content\/uploads\/2023\/11\/LiinaLaurikainenPhotography-4-2048x1365.jpg 2048w, https:\/\/hotel.coop.ee\/wp-content\/uploads\/2023\/11\/LiinaLaurikainenPhotography-4-1568x1045.jpg 1568w\" sizes=\"auto, (max-width: 2560px) 100vw, 2560px\" \/><div class=\"intro-style-3-inner\">\n<h1 class=\"wp-block-heading has-text-align-center has-white-color has-text-color\"><\/h1>\n<\/div><\/div>\n<\/div><div class=\"swiper-pagination swiper-pagination-jtvrrpgdzoq\"><\/div><\/div><div class=\"swiper-button-next swiper-button-white normal-slider-next-jtvrrpgdzoq\"><\/div><div class=\"swiper-button-prev swiper-button-white normal-slider-prev-jtvrrpgdzoq\"><\/div><\/div>\n\n\n\n<div style=\"height:10px\" aria-hidden=\"true\" class=\"wp-block-spacer\"><\/div>\n\n\n\n<div class=\"wp-block-columns alignwide is-layout-flex wp-container-core-columns-is-layout-9d6595d7 wp-block-columns-is-layout-flex\">\n<div class=\"wp-block-column is-layout-flow wp-block-column-is-layout-flow\">\n<p class=\"has-text-align-center\">Coop Hotel is located in the heart of J\u00f5geva, on the town\u2019s main street.<br>The hotel building has a rich and dignified history \u2013 it all began nearly 100 years ago, in 1919, when the J\u00f5geva Economic Union was established with the aim of opening a local shop.<\/p>\n\n\n\n<p class=\"has-text-align-center\">Coop Hotel opened its doors in September 2021, giving new life to this historic and storied building.<\/p>\n\n\n\n<p class=\"has-text-align-center\">Step into the story of our<span style=\"background-color:rgba(0, 0, 0, 0);color:#df8252\" class=\"has-inline-color\"><a data-type=\"URL\" data-id=\"https:\/\/hotel.coop.ee\/kontakt\/ajalugu\/\" href=\"https:\/\/hotel.coop.ee\/kontakt\/ajalugu\/\"> pas<\/a><\/span><a data-type=\"URL\" data-id=\"https:\/\/hotel.coop.ee\/kontakt\/ajalugu\/\" href=\"https:\/\/hotel.coop.ee\/kontakt\/ajalugu\/\"><span style=\"background-color:rgba(0, 0, 0, 0);color:#df8252\" class=\"has-inline-color\">t<\/span><\/a>.<\/p>\n<\/div>\n<\/div>\n\n\n\n<div style=\"height:0px\" aria-hidden=\"true\" class=\"wp-block-spacer\"><\/div>\n\n\n\n<hr class=\"wp-block-separator has-text-color has-css-opacity has-background is-style-wide\" style=\"background-color:#df8252;color:#df8252\"\/>\n\n\n\n<figure class=\"wp-block-gallery alignwide has-nested-images columns-5 is-cropped wp-block-gallery-1 is-layout-flex wp-block-gallery-is-layout-flex\">\n<figure class=\"wp-block-image size-medium is-style-rounded\"><a href=\"https:\/\/hotel.coop.ee\/wp-content\/uploads\/2021\/09\/Untitled_xcfLNMf.jpg\"><img loading=\"lazy\" decoding=\"async\" width=\"300\" height=\"201\" data-id=\"108\" src=\"https:\/\/hotel.coop.ee\/wp-content\/uploads\/2021\/09\/Untitled_xcfLNMf-300x201.jpg\" alt=\"\" class=\"wp-image-108\" srcset=\"https:\/\/hotel.coop.ee\/wp-content\/uploads\/2021\/09\/Untitled_xcfLNMf-300x201.jpg 300w, https:\/\/hotel.coop.ee\/wp-content\/uploads\/2021\/09\/Untitled_xcfLNMf-1024x685.jpg 1024w, https:\/\/hotel.coop.ee\/wp-content\/uploads\/2021\/09\/Untitled_xcfLNMf-768x514.jpg 768w, https:\/\/hotel.coop.ee\/wp-content\/uploads\/2021\/09\/Untitled_xcfLNMf.jpg 1089w\" sizes=\"auto, (max-width: 300px) 100vw, 300px\" \/><\/a><\/figure>\n\n\n\n<figure class=\"wp-block-image size-medium is-style-rounded\"><a href=\"https:\/\/hotel.coop.ee\/wp-content\/uploads\/2021\/09\/19225947_1582627875132492_3041758233265408731_n.jpg\"><img loading=\"lazy\" decoding=\"async\" width=\"300\" height=\"215\" data-id=\"100\" src=\"https:\/\/hotel.coop.ee\/wp-content\/uploads\/2021\/09\/19225947_1582627875132492_3041758233265408731_n-300x215.jpg\" alt=\"\" class=\"wp-image-100\" srcset=\"https:\/\/hotel.coop.ee\/wp-content\/uploads\/2021\/09\/19225947_1582627875132492_3041758233265408731_n-300x215.jpg 300w, https:\/\/hotel.coop.ee\/wp-content\/uploads\/2021\/09\/19225947_1582627875132492_3041758233265408731_n.jpg 619w\" sizes=\"auto, (max-width: 300px) 100vw, 300px\" \/><\/a><\/figure>\n\n\n\n<figure class=\"wp-block-image size-medium is-style-rounded\"><a href=\"https:\/\/hotel.coop.ee\/wp-content\/uploads\/2021\/09\/Vanaisa_Ziliga_turuplatsil.png\"><img loading=\"lazy\" decoding=\"async\" width=\"300\" height=\"193\" data-id=\"107\" src=\"https:\/\/hotel.coop.ee\/wp-content\/uploads\/2021\/09\/Vanaisa_Ziliga_turuplatsil-300x193.png\" alt=\"\" class=\"wp-image-107\" srcset=\"https:\/\/hotel.coop.ee\/wp-content\/uploads\/2021\/09\/Vanaisa_Ziliga_turuplatsil-300x193.png 300w, https:\/\/hotel.coop.ee\/wp-content\/uploads\/2021\/09\/Vanaisa_Ziliga_turuplatsil-768x494.png 768w, https:\/\/hotel.coop.ee\/wp-content\/uploads\/2021\/09\/Vanaisa_Ziliga_turuplatsil.png 1024w\" sizes=\"auto, (max-width: 300px) 100vw, 300px\" \/><\/a><\/figure>\n\n\n\n<figure class=\"wp-block-image size-medium is-style-rounded\"><a href=\"https:\/\/hotel.coop.ee\/wp-content\/uploads\/2021\/09\/muis_smPcwGa.jpg\"><img loading=\"lazy\" decoding=\"async\" width=\"300\" height=\"195\" data-id=\"106\" src=\"https:\/\/hotel.coop.ee\/wp-content\/uploads\/2021\/09\/muis_smPcwGa-300x195.jpg\" alt=\"\" class=\"wp-image-106\" srcset=\"https:\/\/hotel.coop.ee\/wp-content\/uploads\/2021\/09\/muis_smPcwGa-300x195.jpg 300w, https:\/\/hotel.coop.ee\/wp-content\/uploads\/2021\/09\/muis_smPcwGa-768x500.jpg 768w, https:\/\/hotel.coop.ee\/wp-content\/uploads\/2021\/09\/muis_smPcwGa.jpg 827w\" sizes=\"auto, (max-width: 300px) 100vw, 300px\" \/><\/a><\/figure>\n\n\n\n<figure class=\"wp-block-image size-medium is-style-rounded\"><a href=\"https:\/\/hotel.coop.ee\/wp-content\/uploads\/2021\/09\/13_LytmAty.jpg\"><img loading=\"lazy\" decoding=\"async\" width=\"300\" height=\"225\" data-id=\"104\" src=\"https:\/\/hotel.coop.ee\/wp-content\/uploads\/2021\/09\/13_LytmAty-300x225.jpg\" alt=\"\" class=\"wp-image-104\" srcset=\"https:\/\/hotel.coop.ee\/wp-content\/uploads\/2021\/09\/13_LytmAty-300x225.jpg 300w, https:\/\/hotel.coop.ee\/wp-content\/uploads\/2021\/09\/13_LytmAty-768x576.jpg 768w, https:\/\/hotel.coop.ee\/wp-content\/uploads\/2021\/09\/13_LytmAty.jpg 800w\" sizes=\"auto, (max-width: 300px) 100vw, 300px\" \/><\/a><\/figure>\n<\/figure>\n\n\n\n<hr class=\"wp-block-separator has-text-color has-css-opacity has-background\" style=\"background-color:#df8252;color:#df8252\"\/>\n\n\n\n<div class=\"wp-block-columns alignwide is-layout-flex wp-container-core-columns-is-layout-9d6595d7 wp-block-columns-is-layout-flex\">\n<div class=\"wp-block-column is-vertically-aligned-center is-layout-flow wp-block-column-is-layout-flow\" style=\"flex-basis:33.33%\">\n<p class=\"has-text-align-center\" style=\"font-size:30px\"><mark style=\"background-color:rgba(0, 0, 0, 0);color:#df8252\" class=\"has-inline-color\">ROOMS<\/mark><\/p>\n\n\n\n<p class=\"has-text-align-center\">Each of our hotel rooms is uniquely designed, reflecting the dignified history of the building.<br>Every room features historical photos of the house and past events, adding depth to your stay and offering a chance to step back in time.<\/p>\n\n\n\n<p><\/p>\n\n\n\n<div class=\"wp-block-buttons is-horizontal is-content-justification-center is-layout-flex wp-container-core-buttons-is-layout-499968f5 wp-block-buttons-is-layout-flex\">\n<div class=\"wp-block-button has-custom-width wp-block-button__width-50 has-custom-font-size has-normal-font-size\"><a class=\"wp-block-button__link wp-element-button\" href=\"https:\/\/hotel.coop.ee\/en\/toad\/\">LEARN MORE<\/a><\/div>\n<\/div>\n<\/div>\n\n\n\n<div class=\"wp-block-column is-layout-flow wp-block-column-is-layout-flow\" style=\"flex-basis:66.66%\">\n<figure class=\"wp-block-gallery has-nested-images columns-default is-cropped wp-block-gallery-2 is-layout-flex wp-block-gallery-is-layout-flex\">\n<figure class=\"wp-block-image size-large is-style-rounded\"><img loading=\"lazy\" decoding=\"async\" width=\"1024\" height=\"683\" data-id=\"1022\" src=\"https:\/\/hotel.coop.ee\/wp-content\/uploads\/2023\/11\/LiinaLaurikainenPhotography-51-1024x683.jpg\" alt=\"\" class=\"wp-image-1022\" srcset=\"https:\/\/hotel.coop.ee\/wp-content\/uploads\/2023\/11\/LiinaLaurikainenPhotography-51-1024x683.jpg 1024w, https:\/\/hotel.coop.ee\/wp-content\/uploads\/2023\/11\/LiinaLaurikainenPhotography-51-300x200.jpg 300w, https:\/\/hotel.coop.ee\/wp-content\/uploads\/2023\/11\/LiinaLaurikainenPhotography-51-768x512.jpg 768w, https:\/\/hotel.coop.ee\/wp-content\/uploads\/2023\/11\/LiinaLaurikainenPhotography-51-1536x1024.jpg 1536w, https:\/\/hotel.coop.ee\/wp-content\/uploads\/2023\/11\/LiinaLaurikainenPhotography-51-2048x1365.jpg 2048w, https:\/\/hotel.coop.ee\/wp-content\/uploads\/2023\/11\/LiinaLaurikainenPhotography-51-1568x1045.jpg 1568w\" sizes=\"auto, (max-width: 1024px) 100vw, 1024px\" \/><\/figure>\n<\/figure>\n<\/div>\n<\/div>\n\n\n\n<hr class=\"wp-block-separator has-text-color has-css-opacity has-background\" style=\"background-color:#df8252;color:#df8252\"\/>\n\n\n\n<div class=\"wp-block-columns alignwide is-layout-flex wp-container-core-columns-is-layout-9d6595d7 wp-block-columns-is-layout-flex\">\n<div class=\"wp-block-column is-layout-flow wp-block-column-is-layout-flow\" style=\"flex-basis:66.66%\">\n<figure class=\"wp-block-image size-large is-style-rounded\"><img loading=\"lazy\" decoding=\"async\" width=\"1024\" height=\"683\" src=\"https:\/\/hotel.coop.ee\/wp-content\/uploads\/2025\/01\/LiinaLaurikainenPhotography-95-1024x683.jpg\" alt=\"\" class=\"wp-image-1222\" srcset=\"https:\/\/hotel.coop.ee\/wp-content\/uploads\/2025\/01\/LiinaLaurikainenPhotography-95-1024x683.jpg 1024w, https:\/\/hotel.coop.ee\/wp-content\/uploads\/2025\/01\/LiinaLaurikainenPhotography-95-300x200.jpg 300w, https:\/\/hotel.coop.ee\/wp-content\/uploads\/2025\/01\/LiinaLaurikainenPhotography-95-768x512.jpg 768w, https:\/\/hotel.coop.ee\/wp-content\/uploads\/2025\/01\/LiinaLaurikainenPhotography-95-1536x1024.jpg 1536w, https:\/\/hotel.coop.ee\/wp-content\/uploads\/2025\/01\/LiinaLaurikainenPhotography-95-2048x1366.jpg 2048w, https:\/\/hotel.coop.ee\/wp-content\/uploads\/2025\/01\/LiinaLaurikainenPhotography-95-1568x1045.jpg 1568w\" sizes=\"auto, (max-width: 1024px) 100vw, 1024px\" \/><\/figure>\n<\/div>\n\n\n\n<div class=\"wp-block-column is-vertically-aligned-center is-layout-flow wp-block-column-is-layout-flow\" style=\"flex-basis:33.33%\">\n<p class=\"has-text-align-center\" style=\"font-size:30px\"><mark style=\"background-color:rgba(0, 0, 0, 0);color:#df8252\" class=\"has-inline-color\">SERVICES<\/mark><\/p>\n\n\n\n<p class=\"has-text-align-center\">The hotel features a spacious reception hall where guests can enjoy breakfast and a cup of coffee with cake.<br>A cozy sauna awaits you on the lower floor, offering a relaxing escape during your stay.<\/p>\n\n\n\n<p><\/p>\n<\/div>\n<\/div>\n\n\n\n<hr class=\"wp-block-separator has-text-color has-css-opacity has-background\" style=\"background-color:#df8252;color:#df8252\"\/>\n\n\n\n<div class=\"wp-block-webfactory-map alignfull google-map-edhotels\"><div class=\"wp-block-webfactory-map\"><iframe loading=\"lazy\" title=\"Map\" width=\"100%\" height=\"449px\" src=\"https:\/\/www.google.com\/maps\/embed\/v1\/place?q=Coop%20hotell%20J%C3%B5geva&amp;maptype=roadmap&amp;zoom=15&amp;key=AIzaSyDu21TpfU-MuEwU2kFMxIuyEP8nP1tAj4I\" frameborder=\"0\"><\/iframe><\/div><\/div>\n","protected":false},"excerpt":{"rendered":"<p>Coop Hotel is located in the heart of J\u00f5geva, on the town\u2019s main street.The hotel building has a rich and dignified history \u2013 it all began nearly 100 years ago, in 1919, when the J\u00f5geva Economic Union was established with the aim of opening a local shop. Coop Hotel opened its doors in September 2021, [&hellip;]<\/p>\n","protected":false},"author":1,"featured_media":0,"parent":0,"menu_order":1,"comment_status":"closed","ping_status":"closed","template":"","meta":{"footnotes":""},"class_list":["post-1392","page","type-page","status-publish","hentry"],"yoast_head":"<!-- This site is optimized with the Yoast SEO plugin v26.8 - https:\/\/yoast.com\/product\/yoast-seo-wordpress\/ -->\n<title>Coop Hotell J\u00f5geval ametlik koduleht<\/title>\n<meta name=\"description\" content=\"Coop Hotell pakub majutust ja privaatsauna J\u00f5geva kesklinnas nii \u00e4rikliendile kui ka puhkajale v\u00f5i perega reisijale.\" \/>\n<meta name=\"robots\" content=\"index, follow, max-snippet:-1, max-image-preview:large, max-video-preview:-1\" \/>\n<link rel=\"canonical\" href=\"https:\/\/hotel.coop.ee\/en\/\" \/>\n<meta property=\"og:locale\" content=\"en_US\" \/>\n<meta property=\"og:type\" content=\"article\" \/>\n<meta property=\"og:title\" content=\"Coop Hotell J\u00f5geval ametlik koduleht\" \/>\n<meta property=\"og:description\" content=\"Coop Hotell pakub majutust ja privaatsauna J\u00f5geva kesklinnas nii \u00e4rikliendile kui ka puhkajale v\u00f5i perega reisijale.\" \/>\n<meta property=\"og:url\" content=\"https:\/\/hotel.coop.ee\/en\/\" \/>\n<meta property=\"og:site_name\" content=\"Coop Hotell\" \/>\n<meta property=\"article:modified_time\" content=\"2025-03-27T06:02:01+00:00\" \/>\n<meta property=\"og:image\" content=\"https:\/\/hotel.coop.ee\/wp-content\/uploads\/2024\/01\/COOPKohvik_6283_LR1200.jpg\" \/>\n\t<meta property=\"og:image:width\" content=\"1200\" \/>\n\t<meta property=\"og:image:height\" content=\"800\" \/>\n\t<meta property=\"og:image:type\" content=\"image\/jpeg\" \/>\n<meta name=\"twitter:card\" content=\"summary_large_image\" \/>\n<meta name=\"twitter:label1\" content=\"Est. reading time\" \/>\n\t<meta name=\"twitter:data1\" content=\"3 minutes\" \/>\n<script type=\"application\/ld+json\" class=\"yoast-schema-graph\">{\"@context\":\"https:\/\/schema.org\",\"@graph\":[{\"@type\":\"WebPage\",\"@id\":\"https:\/\/hotel.coop.ee\/en\/\",\"url\":\"https:\/\/hotel.coop.ee\/en\/\",\"name\":\"Coop Hotell J\u00f5geval ametlik koduleht\",\"isPartOf\":{\"@id\":\"https:\/\/hotel.coop.ee\/#website\"},\"primaryImageOfPage\":{\"@id\":\"https:\/\/hotel.coop.ee\/en\/#primaryimage\"},\"image\":{\"@id\":\"https:\/\/hotel.coop.ee\/en\/#primaryimage\"},\"thumbnailUrl\":\"https:\/\/hotel.coop.ee\/wp-content\/uploads\/2024\/01\/COOPKohvik_6283_LR1200.jpg\",\"datePublished\":\"2021-09-22T10:07:13+00:00\",\"dateModified\":\"2025-03-27T06:02:01+00:00\",\"description\":\"Coop Hotell pakub majutust ja privaatsauna J\u00f5geva kesklinnas nii \u00e4rikliendile kui ka puhkajale v\u00f5i perega reisijale.\",\"breadcrumb\":{\"@id\":\"https:\/\/hotel.coop.ee\/en\/#breadcrumb\"},\"inLanguage\":\"en-US\",\"potentialAction\":[{\"@type\":\"ReadAction\",\"target\":[\"https:\/\/hotel.coop.ee\/en\/\"]}]},{\"@type\":\"ImageObject\",\"inLanguage\":\"en-US\",\"@id\":\"https:\/\/hotel.coop.ee\/en\/#primaryimage\",\"url\":\"https:\/\/hotel.coop.ee\/wp-content\/uploads\/2024\/01\/COOPKohvik_6283_LR1200.jpg\",\"contentUrl\":\"https:\/\/hotel.coop.ee\/wp-content\/uploads\/2024\/01\/COOPKohvik_6283_LR1200.jpg\"},{\"@type\":\"BreadcrumbList\",\"@id\":\"https:\/\/hotel.coop.ee\/en\/#breadcrumb\",\"itemListElement\":[{\"@type\":\"ListItem\",\"position\":1,\"name\":\"Home\",\"item\":\"https:\/\/hotel.coop.ee\/en\/\"},{\"@type\":\"ListItem\",\"position\":2,\"name\":\"MAIN PAGE\"}]},{\"@type\":\"WebSite\",\"@id\":\"https:\/\/hotel.coop.ee\/#website\",\"url\":\"https:\/\/hotel.coop.ee\/\",\"name\":\"Coop Hotell\",\"description\":\"Hotell J\u00f5geva kesklinnas\",\"potentialAction\":[{\"@type\":\"SearchAction\",\"target\":{\"@type\":\"EntryPoint\",\"urlTemplate\":\"https:\/\/hotel.coop.ee\/?s={search_term_string}\"},\"query-input\":{\"@type\":\"PropertyValueSpecification\",\"valueRequired\":true,\"valueName\":\"search_term_string\"}}],\"inLanguage\":\"en-US\"}]}<\/script>\n<!-- \/ Yoast SEO plugin. -->","yoast_head_json":{"title":"Coop Hotell J\u00f5geval ametlik koduleht","description":"Coop Hotell pakub majutust ja privaatsauna J\u00f5geva kesklinnas nii \u00e4rikliendile kui ka puhkajale v\u00f5i perega reisijale.","robots":{"index":"index","follow":"follow","max-snippet":"max-snippet:-1","max-image-preview":"max-image-preview:large","max-video-preview":"max-video-preview:-1"},"canonical":"https:\/\/hotel.coop.ee\/en\/","og_locale":"en_US","og_type":"article","og_title":"Coop Hotell J\u00f5geval ametlik koduleht","og_description":"Coop Hotell pakub majutust ja privaatsauna J\u00f5geva kesklinnas nii \u00e4rikliendile kui ka puhkajale v\u00f5i perega reisijale.","og_url":"https:\/\/hotel.coop.ee\/en\/","og_site_name":"Coop Hotell","article_modified_time":"2025-03-27T06:02:01+00:00","og_image":[{"width":1200,"height":800,"url":"https:\/\/hotel.coop.ee\/wp-content\/uploads\/2024\/01\/COOPKohvik_6283_LR1200.jpg","type":"image\/jpeg"}],"twitter_card":"summary_large_image","twitter_misc":{"Est. reading time":"3 minutes"},"schema":{"@context":"https:\/\/schema.org","@graph":[{"@type":"WebPage","@id":"https:\/\/hotel.coop.ee\/en\/","url":"https:\/\/hotel.coop.ee\/en\/","name":"Coop Hotell J\u00f5geval ametlik koduleht","isPartOf":{"@id":"https:\/\/hotel.coop.ee\/#website"},"primaryImageOfPage":{"@id":"https:\/\/hotel.coop.ee\/en\/#primaryimage"},"image":{"@id":"https:\/\/hotel.coop.ee\/en\/#primaryimage"},"thumbnailUrl":"https:\/\/hotel.coop.ee\/wp-content\/uploads\/2024\/01\/COOPKohvik_6283_LR1200.jpg","datePublished":"2021-09-22T10:07:13+00:00","dateModified":"2025-03-27T06:02:01+00:00","description":"Coop Hotell pakub majutust ja privaatsauna J\u00f5geva kesklinnas nii \u00e4rikliendile kui ka puhkajale v\u00f5i perega reisijale.","breadcrumb":{"@id":"https:\/\/hotel.coop.ee\/en\/#breadcrumb"},"inLanguage":"en-US","potentialAction":[{"@type":"ReadAction","target":["https:\/\/hotel.coop.ee\/en\/"]}]},{"@type":"ImageObject","inLanguage":"en-US","@id":"https:\/\/hotel.coop.ee\/en\/#primaryimage","url":"https:\/\/hotel.coop.ee\/wp-content\/uploads\/2024\/01\/COOPKohvik_6283_LR1200.jpg","contentUrl":"https:\/\/hotel.coop.ee\/wp-content\/uploads\/2024\/01\/COOPKohvik_6283_LR1200.jpg"},{"@type":"BreadcrumbList","@id":"https:\/\/hotel.coop.ee\/en\/#breadcrumb","itemListElement":[{"@type":"ListItem","position":1,"name":"Home","item":"https:\/\/hotel.coop.ee\/en\/"},{"@type":"ListItem","position":2,"name":"MAIN PAGE"}]},{"@type":"WebSite","@id":"https:\/\/hotel.coop.ee\/#website","url":"https:\/\/hotel.coop.ee\/","name":"Coop Hotell","description":"Hotell J\u00f5geva kesklinnas","potentialAction":[{"@type":"SearchAction","target":{"@type":"EntryPoint","urlTemplate":"https:\/\/hotel.coop.ee\/?s={search_term_string}"},"query-input":{"@type":"PropertyValueSpecification","valueRequired":true,"valueName":"search_term_string"}}],"inLanguage":"en-US"}]}},"_links":{"self":[{"href":"https:\/\/hotel.coop.ee\/en\/wp-json\/wp\/v2\/pages\/1392","targetHints":{"allow":["GET"]}}],"collection":[{"href":"https:\/\/hotel.coop.ee\/en\/wp-json\/wp\/v2\/pages"}],"about":[{"href":"https:\/\/hotel.coop.ee\/en\/wp-json\/wp\/v2\/types\/page"}],"author":[{"embeddable":true,"href":"https:\/\/hotel.coop.ee\/en\/wp-json\/wp\/v2\/users\/1"}],"replies":[{"embeddable":true,"href":"https:\/\/hotel.coop.ee\/en\/wp-json\/wp\/v2\/comments?post=1392"}],"version-history":[{"count":4,"href":"https:\/\/hotel.coop.ee\/en\/wp-json\/wp\/v2\/pages\/1392\/revisions"}],"predecessor-version":[{"id":1447,"href":"https:\/\/hotel.coop.ee\/en\/wp-json\/wp\/v2\/pages\/1392\/revisions\/1447"}],"wp:attachment":[{"href":"https:\/\/hotel.coop.ee\/en\/wp-json\/wp\/v2\/media?parent=1392"}],"curies":[{"name":"wp","href":"https:\/\/api.w.org\/{rel}","templated":true}]}}